{"id":5100,"date":"2017-08-30T11:41:29","date_gmt":"2017-08-30T09:41:29","guid":{"rendered":"http:\/\/s830362483.online.de\/produkt\/cuvee-blanc-de-blancs\/"},"modified":"2022-09-22T20:06:20","modified_gmt":"2022-09-22T18:06:20","slug":"cuvee-blanc-de-blancs","status":"publish","type":"product","link":"https:\/\/verve-champagne.com\/de\/produkt\/cuvee-blanc-de-blancs\/","title":{"rendered":"Roger Manceaux <\/br>1er Cru <\/br>Blanc De Blancs"},"content":{"rendered":"","protected":false},"excerpt":{"rendered":"<div class=\"beschreibung\">\n<p>Eine leuchtende gelbe Farbe und tausende winziger Bl\u00e4schen.<\/p>\n<p>Dieser Chardonnay ist ein Vergn\u00fcgen an Reinheit, die durch frische Minze gekennzeichnet ist, gefolgt von kr\u00e4ftigeren Noten von getrockneten Fr\u00fcchten und Heu.<\/p>\n<p>Ausgepr\u00e4gt frisch und ein mineralischer Charakter.<\/p>\n<\/div>\n","protected":false},"featured_media":5893,"template":"","meta":{"inline_featured_image":false},"product_brand":[],"product_cat":[345,355,347,365,354,139],"product_tag":[344,90,100,321,343,192],"class_list":{"0":"post-5100","1":"product","2":"type-product","3":"status-publish","4":"has-post-thumbnail","6":"product_cat-blanc-de-blancs","7":"product_cat-brut","8":"product_cat-chardonnay","9":"product_cat-cuvee","10":"product_cat-premier-cru","11":"product_cat-roger-manceaux","12":"product_tag-1er-cru","13":"product_tag-blanc","14":"product_tag-cuvee","15":"product_tag-grand-cru","16":"product_tag-premier-cru","17":"product_tag-roger-manceaux","19":"first","20":"instock","21":"taxable","22":"shipping-taxable","23":"purchasable","24":"product-type-simple"},"_links":{"self":[{"href":"https:\/\/verve-champagne.com\/de\/wp-json\/wp\/v2\/product\/5100","targetHints":{"allow":["GET"]}}],"collection":[{"href":"https:\/\/verve-champagne.com\/de\/wp-json\/wp\/v2\/product"}],"about":[{"href":"https:\/\/verve-champagne.com\/de\/wp-json\/wp\/v2\/types\/product"}],"wp:featuredmedia":[{"embeddable":true,"href":"https:\/\/verve-champagne.com\/de\/wp-json\/wp\/v2\/media\/5893"}],"wp:attachment":[{"href":"https:\/\/verve-champagne.com\/de\/wp-json\/wp\/v2\/media?parent=5100"}],"wp:term":[{"taxonomy":"product_brand","embeddable":true,"href":"https:\/\/verve-champagne.com\/de\/wp-json\/wp\/v2\/product_brand?post=5100"},{"taxonomy":"product_cat","embeddable":true,"href":"https:\/\/verve-champagne.com\/de\/wp-json\/wp\/v2\/product_cat?post=5100"},{"taxonomy":"product_tag","embeddable":true,"href":"https:\/\/verve-champagne.com\/de\/wp-json\/wp\/v2\/product_tag?post=5100"}],"curies":[{"name":"wp","href":"https:\/\/api.w.org\/{rel}","templated":true}]}}