{"id":5103,"date":"2017-08-30T11:55:41","date_gmt":"2017-08-30T09:55:41","guid":{"rendered":"http:\/\/s830362483.online.de\/produkt\/cuvee-millesime-2009\/"},"modified":"2022-09-22T20:07:59","modified_gmt":"2022-09-22T18:07:59","slug":"cuvee-millesime-20012","status":"publish","type":"product","link":"https:\/\/verve-champagne.com\/de\/produkt\/cuvee-millesime-20012\/","title":{"rendered":"Roger Manceaux <\/br>Mill\u00e9sime <\/br>2012"},"content":{"rendered":"","protected":false},"excerpt":{"rendered":"<div class=\"beschreibung\">\n<p>Helles Gold begleitet von silbernen Farbt\u00f6nen im Glas begleitet das cremige Aufbrausen der Blasen.<\/p>\n<p>Die Nase \u00f6ffnet sich mit subtilem Torf und Jod, typischen Patisserie-Noten und einer Nuance gesalzener Butter.<\/p>\n<p>Er entwickelt sich sehr saftig und kr\u00e4ftig mit Aromen von N\u00fcssen und Trickfr\u00fcchten.<\/p>\n<\/div>\n","protected":false},"featured_media":7224,"template":"","meta":{"inline_featured_image":false},"product_brand":[],"product_cat":[355,347,351,381,354,139],"product_tag":[100,411,192],"class_list":{"0":"post-5103","1":"product","2":"type-product","3":"status-publish","4":"has-post-thumbnail","6":"product_cat-brut","7":"product_cat-chardonnay","8":"product_cat-millesime","9":"product_cat-pinot-noir","10":"product_cat-premier-cru","11":"product_cat-roger-manceaux","12":"product_tag-cuvee","13":"product_tag-millesime-2","14":"product_tag-roger-manceaux","16":"first","17":"instock","18":"taxable","19":"shipping-taxable","20":"purchasable","21":"product-type-simple"},"_links":{"self":[{"href":"https:\/\/verve-champagne.com\/de\/wp-json\/wp\/v2\/product\/5103","targetHints":{"allow":["GET"]}}],"collection":[{"href":"https:\/\/verve-champagne.com\/de\/wp-json\/wp\/v2\/product"}],"about":[{"href":"https:\/\/verve-champagne.com\/de\/wp-json\/wp\/v2\/types\/product"}],"wp:featuredmedia":[{"embeddable":true,"href":"https:\/\/verve-champagne.com\/de\/wp-json\/wp\/v2\/media\/7224"}],"wp:attachment":[{"href":"https:\/\/verve-champagne.com\/de\/wp-json\/wp\/v2\/media?parent=5103"}],"wp:term":[{"taxonomy":"product_brand","embeddable":true,"href":"https:\/\/verve-champagne.com\/de\/wp-json\/wp\/v2\/product_brand?post=5103"},{"taxonomy":"product_cat","embeddable":true,"href":"https:\/\/verve-champagne.com\/de\/wp-json\/wp\/v2\/product_cat?post=5103"},{"taxonomy":"product_tag","embeddable":true,"href":"https:\/\/verve-champagne.com\/de\/wp-json\/wp\/v2\/product_tag?post=5103"}],"curies":[{"name":"wp","href":"https:\/\/api.w.org\/{rel}","templated":true}]}}