{"id":5329,"date":"2017-08-30T12:40:09","date_gmt":"2017-08-30T10:40:09","guid":{"rendered":"http:\/\/s830362483.online.de\/?post_type=product&#038;p=5329"},"modified":"2022-09-22T20:05:13","modified_gmt":"2022-09-22T18:05:13","slug":"duvee-delicatessence-rose-de-saignee","status":"publish","type":"product","link":"https:\/\/verve-champagne.com\/de\/produkt\/duvee-delicatessence-rose-de-saignee\/","title":{"rendered":"J.M. Tissier <\/br>D\u00e9licatessence <\/br>Ros\u00e9 de Saign\u00e9e 2015"},"content":{"rendered":"","protected":false},"excerpt":{"rendered":"<p>Ein eleganter und raffinierter Ros\u00e9 de Saign\u00e9e der durch seine kupferne Farbe und einer sanften Perlage \u00fcberragt. Die komplexe Nase dr\u00fcckt Aromen von Brombeere, Himbeere und Kirschen aus, denen subtilere Noten von Minze, Gew\u00fcrzen und Zitrusfr\u00fcchten hinzugef\u00fcgt werden. Eine Delikatesse!<\/p>\n","protected":false},"featured_media":7793,"template":"","meta":{"inline_featured_image":false},"product_brand":[],"product_cat":[355,365,135,242,348,381,349,359],"product_tag":[376,100,374,373,375],"class_list":{"0":"post-5329","1":"product","2":"type-product","3":"status-publish","4":"has-post-thumbnail","6":"product_cat-brut","7":"product_cat-cuvee","8":"product_cat-gourmet-champagner","9":"product_cat-jm-tissier","10":"product_cat-pinot-meunier","11":"product_cat-pinot-noir","12":"product_cat-rose","13":"product_cat-speciale","14":"product_tag-376","15":"product_tag-cuvee","16":"product_tag-delicatessence","17":"product_tag-j-m-tissier","18":"product_tag-rose-de-saignee","20":"first","21":"instock","22":"taxable","23":"shipping-taxable","24":"purchasable","25":"product-type-simple"},"_links":{"self":[{"href":"https:\/\/verve-champagne.com\/de\/wp-json\/wp\/v2\/product\/5329","targetHints":{"allow":["GET"]}}],"collection":[{"href":"https:\/\/verve-champagne.com\/de\/wp-json\/wp\/v2\/product"}],"about":[{"href":"https:\/\/verve-champagne.com\/de\/wp-json\/wp\/v2\/types\/product"}],"wp:featuredmedia":[{"embeddable":true,"href":"https:\/\/verve-champagne.com\/de\/wp-json\/wp\/v2\/media\/7793"}],"wp:attachment":[{"href":"https:\/\/verve-champagne.com\/de\/wp-json\/wp\/v2\/media?parent=5329"}],"wp:term":[{"taxonomy":"product_brand","embeddable":true,"href":"https:\/\/verve-champagne.com\/de\/wp-json\/wp\/v2\/product_brand?post=5329"},{"taxonomy":"product_cat","embeddable":true,"href":"https:\/\/verve-champagne.com\/de\/wp-json\/wp\/v2\/product_cat?post=5329"},{"taxonomy":"product_tag","embeddable":true,"href":"https:\/\/verve-champagne.com\/de\/wp-json\/wp\/v2\/product_tag?post=5329"}],"curies":[{"name":"wp","href":"https:\/\/api.w.org\/{rel}","templated":true}]}}