{"id":7225,"date":"2020-07-13T17:42:48","date_gmt":"2020-07-13T15:42:48","guid":{"rendered":"http:\/\/s830362483.online.de\/produkt\/cuvee-nature-copy\/"},"modified":"2022-09-22T20:03:19","modified_gmt":"2022-09-22T18:03:19","slug":"cuvee-extra-brut-meunier","status":"publish","type":"product","link":"https:\/\/verve-champagne.com\/de\/produkt\/cuvee-extra-brut-meunier\/","title":{"rendered":"Roger Manceaux <\/br>1er Cru Extra Brut <\/br>100% Meunier"},"content":{"rendered":"","protected":false},"excerpt":{"rendered":"<div class=\"beschreibung\">\n<p>Dieser Ausnahme &#8220;Meunier&#8221; gl\u00e4nzt mit einem goldgelben Gewand mit bernsteinfarbenen Reflexen und bilden einen cremigen Schaumrand im Glas.<\/p>\n<p>Er besticht durch D\u00fcfte von Pfirsichsirup und exotischen Fr\u00fcchten wie Mango und Passionsfrucht danach entwickelt er subtile w\u00fcrzige Noten von wei\u00dfem Pfeffer.<\/p>\n<\/div>\n","protected":false},"featured_media":7229,"template":"","meta":{"inline_featured_image":false},"product_brand":[],"product_cat":[352,348,354,139],"product_tag":[200,344,91,199,320,343,192],"class_list":{"0":"post-7225","1":"product","2":"type-product","3":"status-publish","4":"has-post-thumbnail","6":"product_cat-extra-brut","7":"product_cat-pinot-meunier","8":"product_cat-premier-cru","9":"product_cat-roger-manceaux","10":"product_tag-100-meunier","11":"product_tag-1er-cru","12":"product_tag-brut","13":"product_tag-extra","14":"product_tag-gran-cru","15":"product_tag-premier-cru","16":"product_tag-roger-manceaux","18":"first","19":"instock","20":"taxable","21":"shipping-taxable","22":"purchasable","23":"product-type-simple"},"_links":{"self":[{"href":"https:\/\/verve-champagne.com\/de\/wp-json\/wp\/v2\/product\/7225","targetHints":{"allow":["GET"]}}],"collection":[{"href":"https:\/\/verve-champagne.com\/de\/wp-json\/wp\/v2\/product"}],"about":[{"href":"https:\/\/verve-champagne.com\/de\/wp-json\/wp\/v2\/types\/product"}],"wp:featuredmedia":[{"embeddable":true,"href":"https:\/\/verve-champagne.com\/de\/wp-json\/wp\/v2\/media\/7229"}],"wp:attachment":[{"href":"https:\/\/verve-champagne.com\/de\/wp-json\/wp\/v2\/media?parent=7225"}],"wp:term":[{"taxonomy":"product_brand","embeddable":true,"href":"https:\/\/verve-champagne.com\/de\/wp-json\/wp\/v2\/product_brand?post=7225"},{"taxonomy":"product_cat","embeddable":true,"href":"https:\/\/verve-champagne.com\/de\/wp-json\/wp\/v2\/product_cat?post=7225"},{"taxonomy":"product_tag","embeddable":true,"href":"https:\/\/verve-champagne.com\/de\/wp-json\/wp\/v2\/product_tag?post=7225"}],"curies":[{"name":"wp","href":"https:\/\/api.w.org\/{rel}","templated":true}]}}