{"id":7778,"date":"2020-10-04T17:35:13","date_gmt":"2020-10-04T15:35:13","guid":{"rendered":"https:\/\/verve-champagne.com\/produkt\/cuvee-flore-copy\/"},"modified":"2022-09-21T11:01:46","modified_gmt":"2022-09-21T09:01:46","slug":"cuvee-guy-dauby","status":"publish","type":"product","link":"https:\/\/verve-champagne.com\/de\/produkt\/cuvee-guy-dauby\/","title":{"rendered":"Dauby <\/br>Guy Dauby <\/br>Brut Grand Cru"},"content":{"rendered":"","protected":false},"excerpt":{"rendered":"<div class=\"beschreibung\">\n<p id=\"tw-target-text\" class=\"tw-data-text tw-text-large XcVN5d tw-ta\" dir=\"ltr\" data-placeholder=\"\u00dcbersetzung\"><span lang=\"de\">Dieser au\u00dfergew\u00f6hnliche Champagner, der nur in den gro\u00dfen Jahren hergestellt wurde, wird Sie durch seine gro\u00dfz\u00fcgigen Aromen und seinen K\u00f6rper verf\u00fchren. Es entwickelt herrlich komplexe und subtile Aromen, eignet sich hervorragend als Aperitif und ist auch hervorragend mit Foie Gras.<\/span><\/p>\n<\/div>\n","protected":false},"featured_media":7786,"template":"","meta":{"inline_featured_image":false},"product_brand":[],"product_cat":[355,239,347,365,135,353,381],"product_tag":[91,100,371,321,392],"class_list":{"0":"post-7778","1":"product","2":"type-product","3":"status-publish","4":"has-post-thumbnail","6":"product_cat-brut","7":"product_cat-champagne-dauby","8":"product_cat-chardonnay","9":"product_cat-cuvee","10":"product_cat-gourmet-champagner","11":"product_cat-grand-cru","12":"product_cat-pinot-noir","13":"product_tag-brut","14":"product_tag-cuvee","15":"product_tag-dauby","16":"product_tag-grand-cru","17":"product_tag-guy-dauby","19":"first","20":"instock","21":"taxable","22":"shipping-taxable","23":"purchasable","24":"product-type-simple"},"_links":{"self":[{"href":"https:\/\/verve-champagne.com\/de\/wp-json\/wp\/v2\/product\/7778","targetHints":{"allow":["GET"]}}],"collection":[{"href":"https:\/\/verve-champagne.com\/de\/wp-json\/wp\/v2\/product"}],"about":[{"href":"https:\/\/verve-champagne.com\/de\/wp-json\/wp\/v2\/types\/product"}],"wp:featuredmedia":[{"embeddable":true,"href":"https:\/\/verve-champagne.com\/de\/wp-json\/wp\/v2\/media\/7786"}],"wp:attachment":[{"href":"https:\/\/verve-champagne.com\/de\/wp-json\/wp\/v2\/media?parent=7778"}],"wp:term":[{"taxonomy":"product_brand","embeddable":true,"href":"https:\/\/verve-champagne.com\/de\/wp-json\/wp\/v2\/product_brand?post=7778"},{"taxonomy":"product_cat","embeddable":true,"href":"https:\/\/verve-champagne.com\/de\/wp-json\/wp\/v2\/product_cat?post=7778"},{"taxonomy":"product_tag","embeddable":true,"href":"https:\/\/verve-champagne.com\/de\/wp-json\/wp\/v2\/product_tag?post=7778"}],"curies":[{"name":"wp","href":"https:\/\/api.w.org\/{rel}","templated":true}]}}