{"id":7804,"date":"2020-10-06T12:46:29","date_gmt":"2020-10-06T10:46:29","guid":{"rendered":"https:\/\/verve-champagne.com\/produkt\/cuvee-reflet-de-terre-copy\/"},"modified":"2022-12-13T13:49:16","modified_gmt":"2022-12-13T12:49:16","slug":"tissier-brut-nature","status":"publish","type":"product","link":"https:\/\/verve-champagne.com\/de\/produkt\/tissier-brut-nature\/","title":{"rendered":"J.M. Tissier <\/br>Cuv\u00e9e<\/br>Brut Nature"},"content":{"rendered":"","protected":false},"excerpt":{"rendered":"<p id=\"tw-target-text\" class=\"tw-data-text tw-text-large XcVN5d tw-ta\" dir=\"ltr\" data-placeholder=\"\u00dcbersetzung\"><span lang=\"de\">Dieser Brut Nature zeigt sich mit hellgelber Farbe mit hellgoldenen Reflexen. Viel Glanz, sch\u00f6ne Finesse mit anhaltendem Sprudeln. Die Nase ist sehr fruchtig, voller aromatischer Frische und dr\u00fcckt die Authentizit\u00e4t der Terroirs aus, aus denen sie stammt. Lebhaft, frisch, strahlt dieser Wein Aromen von wei\u00dfen Fr\u00fcchten im Gaumen aus. Eine sch\u00f6ne Lebendigkeit, Eleganz und Komplexit\u00e4t f\u00fcr ein echtes Vergn\u00fcgen des Ausdrucks, mit Volumen und gro\u00dfer Reinheit.<\/span><\/p>\n","protected":false},"featured_media":8555,"template":"","meta":{"inline_featured_image":false},"product_brand":[],"product_cat":[350,347,135,242,348],"product_tag":[91,373,198,383],"class_list":{"0":"post-7804","1":"product","2":"type-product","3":"status-publish","4":"has-post-thumbnail","6":"product_cat-brut-nature-zero-dosage","7":"product_cat-chardonnay","8":"product_cat-gourmet-champagner","9":"product_cat-jm-tissier","10":"product_cat-pinot-meunier","11":"product_tag-brut","12":"product_tag-j-m-tissier","13":"product_tag-nature","14":"product_tag-zero-dosage","16":"first","17":"instock","18":"taxable","19":"shipping-taxable","20":"purchasable","21":"product-type-simple"},"_links":{"self":[{"href":"https:\/\/verve-champagne.com\/de\/wp-json\/wp\/v2\/product\/7804","targetHints":{"allow":["GET"]}}],"collection":[{"href":"https:\/\/verve-champagne.com\/de\/wp-json\/wp\/v2\/product"}],"about":[{"href":"https:\/\/verve-champagne.com\/de\/wp-json\/wp\/v2\/types\/product"}],"wp:featuredmedia":[{"embeddable":true,"href":"https:\/\/verve-champagne.com\/de\/wp-json\/wp\/v2\/media\/8555"}],"wp:attachment":[{"href":"https:\/\/verve-champagne.com\/de\/wp-json\/wp\/v2\/media?parent=7804"}],"wp:term":[{"taxonomy":"product_brand","embeddable":true,"href":"https:\/\/verve-champagne.com\/de\/wp-json\/wp\/v2\/product_brand?post=7804"},{"taxonomy":"product_cat","embeddable":true,"href":"https:\/\/verve-champagne.com\/de\/wp-json\/wp\/v2\/product_cat?post=7804"},{"taxonomy":"product_tag","embeddable":true,"href":"https:\/\/verve-champagne.com\/de\/wp-json\/wp\/v2\/product_tag?post=7804"}],"curies":[{"name":"wp","href":"https:\/\/api.w.org\/{rel}","templated":true}]}}