{"id":7819,"date":"2020-10-06T13:47:31","date_gmt":"2020-10-06T11:47:31","guid":{"rendered":"https:\/\/verve-champagne.com\/produkt\/paul-louis-martin-blanc-de-noirs-copy\/"},"modified":"2022-09-21T11:23:03","modified_gmt":"2022-09-21T09:23:03","slug":"paul-louis-martin-rose-grand-cru-extra-brut","status":"publish","type":"product","link":"https:\/\/verve-champagne.com\/de\/produkt\/paul-louis-martin-rose-grand-cru-extra-brut\/","title":{"rendered":"P.Louis Martin <\/br>Ros\u00e9 Grand Cru"},"content":{"rendered":"","protected":false},"excerpt":{"rendered":"<p id=\"tw-target-text\" class=\"tw-data-text tw-text-large XcVN5d tw-ta\" dir=\"ltr\" data-placeholder=\"\u00dcbersetzung\"><span lang=\"de\">Die rosa Farbe mit ihren intensiven Rubint\u00f6nen h\u00e4lt ihr Versprechen an k\u00f6stliche Aromen reifer roter Beeren, dominiert von getrockneten Feigen kombiniert mit zarten Lakritznoten. Am Gaumen komplex, strukturiert und fruchtig mit einer angenehmen L\u00e4nge.<\/span><\/p>\n","protected":false},"featured_media":7880,"template":"","meta":{"inline_featured_image":false},"product_brand":[],"product_cat":[138,347,352,353,171,381,349],"product_tag":[420,226,409,321,406,224,129],"class_list":{"0":"post-7819","1":"product","2":"type-product","3":"status-publish","4":"has-post-thumbnail","6":"product_cat-grandes-marques","7":"product_cat-chardonnay","8":"product_cat-extra-brut","9":"product_cat-grand-cru","10":"product_cat-paul-louis-martin","11":"product_cat-pinot-noir","12":"product_cat-rose","13":"product_tag-champagne-rouge","14":"product_tag-chardonnay","15":"product_tag-extra-brut","16":"product_tag-grand-cru","17":"product_tag-p-louis-martin","18":"product_tag-pinot-noir","19":"product_tag-rose","21":"first","22":"onbackorder","23":"taxable","24":"shipping-taxable","25":"purchasable","26":"product-type-simple"},"_links":{"self":[{"href":"https:\/\/verve-champagne.com\/de\/wp-json\/wp\/v2\/product\/7819","targetHints":{"allow":["GET"]}}],"collection":[{"href":"https:\/\/verve-champagne.com\/de\/wp-json\/wp\/v2\/product"}],"about":[{"href":"https:\/\/verve-champagne.com\/de\/wp-json\/wp\/v2\/types\/product"}],"wp:featuredmedia":[{"embeddable":true,"href":"https:\/\/verve-champagne.com\/de\/wp-json\/wp\/v2\/media\/7880"}],"wp:attachment":[{"href":"https:\/\/verve-champagne.com\/de\/wp-json\/wp\/v2\/media?parent=7819"}],"wp:term":[{"taxonomy":"product_brand","embeddable":true,"href":"https:\/\/verve-champagne.com\/de\/wp-json\/wp\/v2\/product_brand?post=7819"},{"taxonomy":"product_cat","embeddable":true,"href":"https:\/\/verve-champagne.com\/de\/wp-json\/wp\/v2\/product_cat?post=7819"},{"taxonomy":"product_tag","embeddable":true,"href":"https:\/\/verve-champagne.com\/de\/wp-json\/wp\/v2\/product_tag?post=7819"}],"curies":[{"name":"wp","href":"https:\/\/api.w.org\/{rel}","templated":true}]}}