{"id":7825,"date":"2020-10-06T13:58:24","date_gmt":"2020-10-06T11:58:24","guid":{"rendered":"https:\/\/verve-champagne.com\/produkt\/paul-louis-martin-brut-copy\/"},"modified":"2022-09-21T11:23:33","modified_gmt":"2022-09-21T09:23:33","slug":"paul-louis-martin-cuvee-vincent-grand-cru-extra-brut","status":"publish","type":"product","link":"https:\/\/verve-champagne.com\/de\/produkt\/paul-louis-martin-cuvee-vincent-grand-cru-extra-brut\/","title":{"rendered":"P. Louis Martin <\/br>Cuv\u00e9e Vincent <\/br>Blanc de Blancs"},"content":{"rendered":"","protected":false},"excerpt":{"rendered":"<p id=\"tw-target-text\" class=\"tw-data-text tw-text-large XcVN5d tw-ta\" dir=\"ltr\" data-placeholder=\"\u00dcbersetzung\"><span lang=\"de\">In Erinnerung an den Gr\u00fcnder und Gro\u00dfvater des heutigen Inhabers besticht der Cuv\u00e9e &#8220;Vincent&#8221; mit seiner goldenen Farbe. Eine elegante Nase mit Aromen von Jasmin, Litschi, Mandel und frischer Minze. Am Gaumen strukturiert und frisch, mit Aromen von Mirabelle-Pflaumen, gefolgt von einem langen Abgang von Honig und Walnuss. Dieser exklusive Champagner gewann die SILBER-Plakette des &#8220;Decanter World Wine Award 2020&#8221;.<\/span><\/p>\n<p dir=\"ltr\" data-placeholder=\"\u00dcbersetzung\"><img decoding=\"async\" class=\"alignnone size-full wp-image-7811\" src=\"https:\/\/verve-champagne.com\/wp-content\/uploads\/2020\/10\/Decanter-wards-2020-logo.png\" alt=\"\" width=\"105\" height=\"112\" \/><img decoding=\"async\" class=\"alignnone size-full wp-image-7812\" src=\"https:\/\/verve-champagne.com\/wp-content\/uploads\/2020\/10\/decanter-silver-award.jpg\" alt=\"\" width=\"112\" height=\"105\" \/><\/p>\n","protected":false},"featured_media":7883,"template":"","meta":{"inline_featured_image":false},"product_brand":[],"product_cat":[138,345,347,365,352,353,171],"product_tag":[407,409,321,406,408],"class_list":{"0":"post-7825","1":"product","2":"type-product","3":"status-publish","4":"has-post-thumbnail","6":"product_cat-grandes-marques","7":"product_cat-blanc-de-blancs","8":"product_cat-chardonnay","9":"product_cat-cuvee","10":"product_cat-extra-brut","11":"product_cat-grand-cru","12":"product_cat-paul-louis-martin","13":"product_tag-cuvee-vincent","14":"product_tag-extra-brut","15":"product_tag-grand-cru","16":"product_tag-p-louis-martin","17":"product_tag-victoire","19":"first","20":"onbackorder","21":"taxable","22":"shipping-taxable","23":"purchasable","24":"product-type-simple"},"_links":{"self":[{"href":"https:\/\/verve-champagne.com\/de\/wp-json\/wp\/v2\/product\/7825","targetHints":{"allow":["GET"]}}],"collection":[{"href":"https:\/\/verve-champagne.com\/de\/wp-json\/wp\/v2\/product"}],"about":[{"href":"https:\/\/verve-champagne.com\/de\/wp-json\/wp\/v2\/types\/product"}],"wp:featuredmedia":[{"embeddable":true,"href":"https:\/\/verve-champagne.com\/de\/wp-json\/wp\/v2\/media\/7883"}],"wp:attachment":[{"href":"https:\/\/verve-champagne.com\/de\/wp-json\/wp\/v2\/media?parent=7825"}],"wp:term":[{"taxonomy":"product_brand","embeddable":true,"href":"https:\/\/verve-champagne.com\/de\/wp-json\/wp\/v2\/product_brand?post=7825"},{"taxonomy":"product_cat","embeddable":true,"href":"https:\/\/verve-champagne.com\/de\/wp-json\/wp\/v2\/product_cat?post=7825"},{"taxonomy":"product_tag","embeddable":true,"href":"https:\/\/verve-champagne.com\/de\/wp-json\/wp\/v2\/product_tag?post=7825"}],"curies":[{"name":"wp","href":"https:\/\/api.w.org\/{rel}","templated":true}]}}