{"id":7838,"date":"2020-10-06T14:32:27","date_gmt":"2020-10-06T12:32:27","guid":{"rendered":"https:\/\/verve-champagne.com\/produkt\/paul-louis-martin-brut-millesime-2012-copy\/"},"modified":"2022-09-22T20:02:22","modified_gmt":"2022-09-22T18:02:22","slug":"erick-schreiber-astral","status":"publish","type":"product","link":"https:\/\/verve-champagne.com\/de\/produkt\/erick-schreiber-astral\/","title":{"rendered":"Erick Schreiber <\/br>Astral Cuv\u00e9e Brut"},"content":{"rendered":"","protected":false},"excerpt":{"rendered":"<p id=\"tw-target-text\" class=\"tw-data-text tw-text-large XcVN5d tw-ta\" dir=\"ltr\" data-placeholder=\"\u00dcbersetzung\"><span lang=\"de\">Diese au\u00dfergew\u00f6hnliche Cuv\u00e9e ohne Schwefelzusatz wird aus wei\u00dfen Trauben der Rebsorte Chardonnay und schwarzen Trauben der Rebsorte Pinot Noir hergestellt, die biodynamisch angebaut werden. Die leuchtend gelbe Farbe mit feiner Perlage erinnert in der Nase an exotische Fr\u00fcchte, wei\u00dfe Fr\u00fcchte und frische Mandeln. Am Gaumen bietet er viel F\u00fclle und L\u00e4nge.<\/span><\/p>\n<p dir=\"ltr\" data-placeholder=\"\u00dcbersetzung\"><img decoding=\"async\" class=\"alignnone size-medium wp-image-7474\" src=\"https:\/\/verve-champagne.com\/wp-content\/uploads\/2020\/09\/bio-demeter-ecocert-logo-300x89.png\" alt=\"\" width=\"300\" height=\"89\" \/><\/p>\n","protected":false},"featured_media":7853,"template":"","meta":{"inline_featured_image":false},"product_brand":[],"product_cat":[238,355,347,365,237,381,359],"product_tag":[402,403,91,226,100,404,401,224],"class_list":{"0":"post-7838","1":"product","2":"type-product","3":"status-publish","4":"has-post-thumbnail","6":"product_cat-bio-champagner","7":"product_cat-brut","8":"product_cat-chardonnay","9":"product_cat-cuvee","10":"product_cat-erick-schreiber","11":"product_cat-pinot-noir","12":"product_cat-speciale","13":"product_tag-astral","14":"product_tag-bio","15":"product_tag-brut","16":"product_tag-chardonnay","17":"product_tag-cuvee","18":"product_tag-demeter","19":"product_tag-erick-schreiber","20":"product_tag-pinot-noir","22":"first","23":"onbackorder","24":"taxable","25":"shipping-taxable","26":"purchasable","27":"product-type-simple"},"_links":{"self":[{"href":"https:\/\/verve-champagne.com\/de\/wp-json\/wp\/v2\/product\/7838","targetHints":{"allow":["GET"]}}],"collection":[{"href":"https:\/\/verve-champagne.com\/de\/wp-json\/wp\/v2\/product"}],"about":[{"href":"https:\/\/verve-champagne.com\/de\/wp-json\/wp\/v2\/types\/product"}],"wp:featuredmedia":[{"embeddable":true,"href":"https:\/\/verve-champagne.com\/de\/wp-json\/wp\/v2\/media\/7853"}],"wp:attachment":[{"href":"https:\/\/verve-champagne.com\/de\/wp-json\/wp\/v2\/media?parent=7838"}],"wp:term":[{"taxonomy":"product_brand","embeddable":true,"href":"https:\/\/verve-champagne.com\/de\/wp-json\/wp\/v2\/product_brand?post=7838"},{"taxonomy":"product_cat","embeddable":true,"href":"https:\/\/verve-champagne.com\/de\/wp-json\/wp\/v2\/product_cat?post=7838"},{"taxonomy":"product_tag","embeddable":true,"href":"https:\/\/verve-champagne.com\/de\/wp-json\/wp\/v2\/product_tag?post=7838"}],"curies":[{"name":"wp","href":"https:\/\/api.w.org\/{rel}","templated":true}]}}