{"id":8147,"date":"2021-05-17T20:18:06","date_gmt":"2021-05-17T18:18:06","guid":{"rendered":"https:\/\/verve-champagne.com\/?post_type=product&#038;p=8147"},"modified":"2022-09-20T16:30:37","modified_gmt":"2022-09-20T14:30:37","slug":"nicolo-paradis-cuvee-brut-tradition-party-groessen","status":"publish","type":"product","link":"https:\/\/verve-champagne.com\/de\/produkt\/nicolo-paradis-cuvee-brut-tradition-party-groessen\/","title":{"rendered":"Nicolo &#038; Paradis Cuv\u00e9e Brut Tradition (Party-Gr\u00f6\u00dfen)"},"content":{"rendered":"","protected":false},"excerpt":{"rendered":"<div class=\"beschreibung\">\n<p>Eine goldgelbe Farbe und sch\u00f6ne perlende Bl\u00e4schen. Dieser Aperitiv-Champagner besticht durch gro\u00dfe Finesse und aromatische Kompelxit\u00e4t. Intensiver Geschmack nach fruchtigen Noten, Mandeln und Geb\u00e4ck halten eine sch\u00f6ne L\u00e4nge am Gaumen.<\/p>\n<p>&nbsp;<\/p>\n<p><img decoding=\"async\" class=\"medal2\" style=\"font-size: 16px;\" src=\"https:\/\/verve-champagne.com\/wp-content\/uploads\/2017\/09\/medallien-nicolo-tradition.png\" \/><\/p>\n<\/div>\n","protected":false},"featured_media":6656,"template":"","meta":{"inline_featured_image":false},"product_brand":[],"product_cat":[355,365,137],"product_tag":[91,100,379,380],"class_list":{"0":"post-8147","1":"product","2":"type-product","3":"status-publish","4":"has-post-thumbnail","6":"product_cat-brut","7":"product_cat-cuvee","8":"product_cat-nicolo-paradis","9":"product_tag-brut","10":"product_tag-cuvee","11":"product_tag-nicolo-paradis","12":"product_tag-tradition","14":"first","15":"onbackorder","16":"taxable","17":"shipping-taxable","18":"purchasable","19":"product-type-variable"},"_links":{"self":[{"href":"https:\/\/verve-champagne.com\/de\/wp-json\/wp\/v2\/product\/8147","targetHints":{"allow":["GET"]}}],"collection":[{"href":"https:\/\/verve-champagne.com\/de\/wp-json\/wp\/v2\/product"}],"about":[{"href":"https:\/\/verve-champagne.com\/de\/wp-json\/wp\/v2\/types\/product"}],"wp:featuredmedia":[{"embeddable":true,"href":"https:\/\/verve-champagne.com\/de\/wp-json\/wp\/v2\/media\/6656"}],"wp:attachment":[{"href":"https:\/\/verve-champagne.com\/de\/wp-json\/wp\/v2\/media?parent=8147"}],"wp:term":[{"taxonomy":"product_brand","embeddable":true,"href":"https:\/\/verve-champagne.com\/de\/wp-json\/wp\/v2\/product_brand?post=8147"},{"taxonomy":"product_cat","embeddable":true,"href":"https:\/\/verve-champagne.com\/de\/wp-json\/wp\/v2\/product_cat?post=8147"},{"taxonomy":"product_tag","embeddable":true,"href":"https:\/\/verve-champagne.com\/de\/wp-json\/wp\/v2\/product_tag?post=8147"}],"curies":[{"name":"wp","href":"https:\/\/api.w.org\/{rel}","templated":true}]}}