{"id":8352,"date":"2022-09-20T15:20:55","date_gmt":"2022-09-20T13:20:55","guid":{"rendered":"https:\/\/verve-champagne.com\/?post_type=product&#038;p=8352"},"modified":"2022-12-13T13:40:57","modified_gmt":"2022-12-13T12:40:57","slug":"de-venoge-princes-blanc-de-noirs","status":"publish","type":"product","link":"https:\/\/verve-champagne.com\/de\/produkt\/de-venoge-princes-blanc-de-noirs\/","title":{"rendered":"de Venoge <\/br>Princes <\/br>Blanc de Noirs"},"content":{"rendered":"","protected":false},"excerpt":{"rendered":"<p>Der de Venoge Princes \u2013 Blanc de Noirs kommt mit einer ungew\u00f6hnlichen Flaschenform und ist ein echter Hingucker! Die Form stammt aus dem im 19. Jahrhundert und zeigt den damals \u00fcblichen Stil. Aber nicht nur das Flaschendesign ist extravagant, sondern nat\u00fcrlich ist auch der Inhalt au\u00dfergew\u00f6hnlich! Dieser besondere Champagner aus 100% Pinot Noir kommt mit einer aromatischen Reichhaltigkeit und belebt durch Frische \u2013 eine herrliche Balance.<\/p>\n","protected":false},"featured_media":8359,"template":"","meta":{"inline_featured_image":false},"product_brand":[],"product_cat":[355,365,170,138,381],"product_tag":[410,100,444,445],"class_list":{"0":"post-8352","1":"product","2":"type-product","3":"status-publish","4":"has-post-thumbnail","6":"product_cat-brut","7":"product_cat-cuvee","8":"product_cat-de-venoge","9":"product_cat-grandes-marques","10":"product_cat-pinot-noir","11":"product_tag-blanc-de-noirs","12":"product_tag-cuvee","13":"product_tag-de-venoge","14":"product_tag-princes","16":"first","17":"onbackorder","18":"taxable","19":"shipping-taxable","20":"purchasable","21":"product-type-simple"},"_links":{"self":[{"href":"https:\/\/verve-champagne.com\/de\/wp-json\/wp\/v2\/product\/8352","targetHints":{"allow":["GET"]}}],"collection":[{"href":"https:\/\/verve-champagne.com\/de\/wp-json\/wp\/v2\/product"}],"about":[{"href":"https:\/\/verve-champagne.com\/de\/wp-json\/wp\/v2\/types\/product"}],"wp:featuredmedia":[{"embeddable":true,"href":"https:\/\/verve-champagne.com\/de\/wp-json\/wp\/v2\/media\/8359"}],"wp:attachment":[{"href":"https:\/\/verve-champagne.com\/de\/wp-json\/wp\/v2\/media?parent=8352"}],"wp:term":[{"taxonomy":"product_brand","embeddable":true,"href":"https:\/\/verve-champagne.com\/de\/wp-json\/wp\/v2\/product_brand?post=8352"},{"taxonomy":"product_cat","embeddable":true,"href":"https:\/\/verve-champagne.com\/de\/wp-json\/wp\/v2\/product_cat?post=8352"},{"taxonomy":"product_tag","embeddable":true,"href":"https:\/\/verve-champagne.com\/de\/wp-json\/wp\/v2\/product_tag?post=8352"}],"curies":[{"name":"wp","href":"https:\/\/api.w.org\/{rel}","templated":true}]}}