{"id":8375,"date":"2022-09-20T17:10:15","date_gmt":"2022-09-20T15:10:15","guid":{"rendered":"https:\/\/verve-champagne.com\/?post_type=product&#038;p=8375"},"modified":"2022-09-22T20:00:07","modified_gmt":"2022-09-22T18:00:07","slug":"erick-schreiber-grande-cuvee","status":"publish","type":"product","link":"https:\/\/verve-champagne.com\/de\/produkt\/erick-schreiber-grande-cuvee\/","title":{"rendered":"Erick Schreiber <\/br>Grande Cuv\u00e9e"},"content":{"rendered":"","protected":false},"excerpt":{"rendered":"<p>Einen gro\u00dfen Champagner zu kreieren, eine wirklich gro\u00dfartige Cuv\u00e9e! Das war unser Ziel im Jahr 1995, das ein besonders guter Jahrgang war.<br \/>\nDieser Champagner, der eine au\u00dfergew\u00f6hnliche Komplexit\u00e4t aufweist, erh\u00e4lt seinen Charakter durch eine Assemblage aus vier Rebsorten: Kraft und Substanz durch den Pinot Noir, Eleganz und Finesse durch den Chardonnay, Rundheit durch den Meunier und Frische durch den Pinot Blanc.<\/p>\n<p>Um seinen Geschmack und seine nat\u00fcrlichen Aromen zu betonen und ihm mehr F\u00fclle und Rundheit zu verleihen, wird diese Cuv\u00e9e in F\u00e4ssern ausgebaut.<br \/>\nSie ist ideal f\u00fcr gro\u00dfe Anl\u00e4sse im Familien- oder Freundeskreis und wird von Kennern wegen ihrer aromatischen Komplexit\u00e4t gesch\u00e4tzt.<\/p>\n<p dir=\"ltr\" data-placeholder=\"\u00dcbersetzung\"><img decoding=\"async\" class=\"alignnone size-medium wp-image-7474\" src=\"https:\/\/verve-champagne.com\/wp-content\/uploads\/2020\/09\/bio-demeter-ecocert-logo-300x89.png\" alt=\"\" width=\"300\" height=\"89\" \/><\/p>\n","protected":false},"featured_media":8376,"template":"","meta":{"inline_featured_image":false},"product_brand":[],"product_cat":[238,355,347,365,237,381,356],"product_tag":[403,91,100,404,401,224],"class_list":{"0":"post-8375","1":"product","2":"type-product","3":"status-publish","4":"has-post-thumbnail","6":"product_cat-bio-champagner","7":"product_cat-brut","8":"product_cat-chardonnay","9":"product_cat-cuvee","10":"product_cat-erick-schreiber","11":"product_cat-pinot-noir","12":"product_cat-vintage","13":"product_tag-bio","14":"product_tag-brut","15":"product_tag-cuvee","16":"product_tag-demeter","17":"product_tag-erick-schreiber","18":"product_tag-pinot-noir","20":"first","21":"onbackorder","22":"taxable","23":"shipping-taxable","24":"purchasable","25":"product-type-simple"},"_links":{"self":[{"href":"https:\/\/verve-champagne.com\/de\/wp-json\/wp\/v2\/product\/8375","targetHints":{"allow":["GET"]}}],"collection":[{"href":"https:\/\/verve-champagne.com\/de\/wp-json\/wp\/v2\/product"}],"about":[{"href":"https:\/\/verve-champagne.com\/de\/wp-json\/wp\/v2\/types\/product"}],"wp:featuredmedia":[{"embeddable":true,"href":"https:\/\/verve-champagne.com\/de\/wp-json\/wp\/v2\/media\/8376"}],"wp:attachment":[{"href":"https:\/\/verve-champagne.com\/de\/wp-json\/wp\/v2\/media?parent=8375"}],"wp:term":[{"taxonomy":"product_brand","embeddable":true,"href":"https:\/\/verve-champagne.com\/de\/wp-json\/wp\/v2\/product_brand?post=8375"},{"taxonomy":"product_cat","embeddable":true,"href":"https:\/\/verve-champagne.com\/de\/wp-json\/wp\/v2\/product_cat?post=8375"},{"taxonomy":"product_tag","embeddable":true,"href":"https:\/\/verve-champagne.com\/de\/wp-json\/wp\/v2\/product_tag?post=8375"}],"curies":[{"name":"wp","href":"https:\/\/api.w.org\/{rel}","templated":true}]}}