{"id":8525,"date":"2022-11-14T12:57:27","date_gmt":"2022-11-14T11:57:27","guid":{"rendered":"https:\/\/verve-champagne.com\/?post_type=product&#038;p=8525"},"modified":"2022-11-14T15:45:51","modified_gmt":"2022-11-14T14:45:51","slug":"vino-blanco-verdejo-2021","status":"publish","type":"product","link":"https:\/\/verve-champagne.com\/de\/produkt\/vino-blanco-verdejo-2021\/","title":{"rendered":"Vino Blanco Verdejo 2021"},"content":{"rendered":"","protected":false},"excerpt":{"rendered":"<p>Dieser Wei\u00dfwein ist in der Ansicht sehr intensiv gr\u00fcnlich-gelb. In der Nase Aromen von reifen Fr\u00fcchten mit intensiveren Noten von Quitte, Papaya und Puddingapfel. Im Hintergrund Apfel, Birne und frisches Heu, leicht blumig. Im Mund trocken und geschmeidig, mit Noten von Fr\u00fcchten und Blumen, mit mineralischen Noten. Runde Ausf\u00fchrung. Der Vino Blanco Verdejo ist ein ausgezeichneter Begleiter f\u00fcr Tapas und Treffen.<\/p>\n","protected":false},"featured_media":8526,"template":"","meta":{"inline_featured_image":false},"product_brand":[],"product_cat":[480,479],"product_tag":[491],"class_list":{"0":"post-8525","1":"product","2":"type-product","3":"status-publish","4":"has-post-thumbnail","6":"product_cat-besondere-weine","7":"product_cat-la-vina-del-abuelo","8":"product_tag-weisswein","10":"first","11":"instock","12":"taxable","13":"shipping-taxable","14":"purchasable","15":"product-type-simple"},"_links":{"self":[{"href":"https:\/\/verve-champagne.com\/de\/wp-json\/wp\/v2\/product\/8525","targetHints":{"allow":["GET"]}}],"collection":[{"href":"https:\/\/verve-champagne.com\/de\/wp-json\/wp\/v2\/product"}],"about":[{"href":"https:\/\/verve-champagne.com\/de\/wp-json\/wp\/v2\/types\/product"}],"wp:featuredmedia":[{"embeddable":true,"href":"https:\/\/verve-champagne.com\/de\/wp-json\/wp\/v2\/media\/8526"}],"wp:attachment":[{"href":"https:\/\/verve-champagne.com\/de\/wp-json\/wp\/v2\/media?parent=8525"}],"wp:term":[{"taxonomy":"product_brand","embeddable":true,"href":"https:\/\/verve-champagne.com\/de\/wp-json\/wp\/v2\/product_brand?post=8525"},{"taxonomy":"product_cat","embeddable":true,"href":"https:\/\/verve-champagne.com\/de\/wp-json\/wp\/v2\/product_cat?post=8525"},{"taxonomy":"product_tag","embeddable":true,"href":"https:\/\/verve-champagne.com\/de\/wp-json\/wp\/v2\/product_tag?post=8525"}],"curies":[{"name":"wp","href":"https:\/\/api.w.org\/{rel}","templated":true}]}}