{"id":5104,"date":"2017-08-30T11:58:38","date_gmt":"2017-08-30T09:58:38","guid":{"rendered":"http:\/\/s830362483.online.de\/produkt\/cuvee-heritage-2005\/"},"modified":"2022-09-22T20:05:37","modified_gmt":"2022-09-22T18:05:37","slug":"cuvee-heritage-2009","status":"publish","type":"product","link":"https:\/\/verve-champagne.com\/en\/product\/cuvee-heritage-2009\/","title":{"rendered":"Roger Manceaux <\/br>H\u00e9ritage 2009"},"content":{"rendered":"","protected":false},"excerpt":{"rendered":"<div class=\"beschreibung\">\n<p>Diese einzigartige Cuv\u00e9e gereift in Eichenf\u00e4ssern fasziniert mit dem Duft wei\u00dfer Bl\u00fcten und einem Hauch Gel\u00e9e Royale.<\/p>\n<p>Der Gaumen ist voll und kr\u00e4ftig mit wei\u00dfen Noten im Vordergrund und mit ger\u00f6steten Noten im Abgang.<\/p>\n<\/div>","protected":false},"featured_media":5906,"template":"","meta":{"inline_featured_image":false},"product_brand":[],"product_cat":[355,347,381,139,359,356],"product_tag":[100,194,192],"class_list":{"0":"post-5104","1":"product","2":"type-product","3":"status-publish","4":"has-post-thumbnail","6":"product_cat-brut","7":"product_cat-chardonnay","8":"product_cat-pinot-noir","9":"product_cat-roger-manceaux","10":"product_cat-speciale","11":"product_cat-vintage","12":"product_tag-cuvee","13":"product_tag-heritage","14":"product_tag-roger-manceaux","16":"first","17":"instock","18":"taxable","19":"shipping-taxable","20":"purchasable","21":"product-type-simple"},"_links":{"self":[{"href":"https:\/\/verve-champagne.com\/en\/wp-json\/wp\/v2\/product\/5104","targetHints":{"allow":["GET"]}}],"collection":[{"href":"https:\/\/verve-champagne.com\/en\/wp-json\/wp\/v2\/product"}],"about":[{"href":"https:\/\/verve-champagne.com\/en\/wp-json\/wp\/v2\/types\/product"}],"wp:featuredmedia":[{"embeddable":true,"href":"https:\/\/verve-champagne.com\/en\/wp-json\/wp\/v2\/media\/5906"}],"wp:attachment":[{"href":"https:\/\/verve-champagne.com\/en\/wp-json\/wp\/v2\/media?parent=5104"}],"wp:term":[{"taxonomy":"product_brand","embeddable":true,"href":"https:\/\/verve-champagne.com\/en\/wp-json\/wp\/v2\/product_brand?post=5104"},{"taxonomy":"product_cat","embeddable":true,"href":"https:\/\/verve-champagne.com\/en\/wp-json\/wp\/v2\/product_cat?post=5104"},{"taxonomy":"product_tag","embeddable":true,"href":"https:\/\/verve-champagne.com\/en\/wp-json\/wp\/v2\/product_tag?post=5104"}],"curies":[{"name":"wp","href":"https:\/\/api.w.org\/{rel}","templated":true}]}}