{"id":5110,"date":"2017-08-30T12:39:34","date_gmt":"2017-08-30T10:39:34","guid":{"rendered":"http:\/\/s830362483.online.de\/produkt\/cuvee-flore\/"},"modified":"2022-09-21T11:04:27","modified_gmt":"2022-09-21T09:04:27","slug":"cuvee-flore","status":"publish","type":"product","link":"https:\/\/verve-champagne.com\/en\/product\/cuvee-flore\/","title":{"rendered":"Dauby <\/br>Cuv\u00e9e Flore"},"content":{"rendered":"","protected":false},"excerpt":{"rendered":"<div class=\"beschreibung\">\n<p>Diese Pretige Cuv\u00e9e wird nur in au\u00dfergew\u00f6hnlichen Jahren hergestellt und reift anschlie\u00dfend 7 Jahre im Keller. Reiche florale Aromen, gro\u00dfe Finesse und absolute Reinheit machen diesen trockenen Extra-Brut zu einem Genuss.<\/p>\n<\/div>","protected":false},"featured_media":5902,"template":"","meta":{"inline_featured_image":false},"product_brand":[],"product_cat":[239,347,365,352,135,381,359],"product_tag":[100,371,372],"class_list":{"0":"post-5110","1":"product","2":"type-product","3":"status-publish","4":"has-post-thumbnail","6":"product_cat-champagne-dauby","7":"product_cat-chardonnay","8":"product_cat-cuvee","9":"product_cat-extra-brut","10":"product_cat-gourmet-champagner","11":"product_cat-pinot-noir","12":"product_cat-speciale","13":"product_tag-cuvee","14":"product_tag-dauby","15":"product_tag-flore","17":"first","18":"instock","19":"taxable","20":"shipping-taxable","21":"purchasable","22":"product-type-simple"},"_links":{"self":[{"href":"https:\/\/verve-champagne.com\/en\/wp-json\/wp\/v2\/product\/5110","targetHints":{"allow":["GET"]}}],"collection":[{"href":"https:\/\/verve-champagne.com\/en\/wp-json\/wp\/v2\/product"}],"about":[{"href":"https:\/\/verve-champagne.com\/en\/wp-json\/wp\/v2\/types\/product"}],"wp:featuredmedia":[{"embeddable":true,"href":"https:\/\/verve-champagne.com\/en\/wp-json\/wp\/v2\/media\/5902"}],"wp:attachment":[{"href":"https:\/\/verve-champagne.com\/en\/wp-json\/wp\/v2\/media?parent=5110"}],"wp:term":[{"taxonomy":"product_brand","embeddable":true,"href":"https:\/\/verve-champagne.com\/en\/wp-json\/wp\/v2\/product_brand?post=5110"},{"taxonomy":"product_cat","embeddable":true,"href":"https:\/\/verve-champagne.com\/en\/wp-json\/wp\/v2\/product_cat?post=5110"},{"taxonomy":"product_tag","embeddable":true,"href":"https:\/\/verve-champagne.com\/en\/wp-json\/wp\/v2\/product_tag?post=5110"}],"curies":[{"name":"wp","href":"https:\/\/api.w.org\/{rel}","templated":true}]}}