{"id":5471,"date":"2017-09-13T18:10:25","date_gmt":"2017-09-13T16:10:25","guid":{"rendered":"http:\/\/s830362483.online.de\/?post_type=product&#038;p=5471"},"modified":"2022-09-22T20:04:56","modified_gmt":"2022-09-22T18:04:56","slug":"cuvee-brut-tradition","status":"publish","type":"product","link":"https:\/\/verve-champagne.com\/en\/product\/cuvee-brut-tradition\/","title":{"rendered":"Nicolo &#038; Paradis <\/br>Brut Tradition"},"content":{"rendered":"","protected":false},"excerpt":{"rendered":"<div class=\"beschreibung\">\n<p>Eine goldgelbe Farbe und sch\u00f6ne perlende Bl\u00e4schen. Dieser Aperitiv-Champagner besticht durch gro\u00dfe Finesse und aromatische Kompelxit\u00e4t. Intensiver Geschmack nach fruchtigen Noten, Mandeln und Geb\u00e4ck halten eine sch\u00f6ne L\u00e4nge am Gaumen.<\/p>\n<p>&nbsp;<\/p>\n<p><img decoding=\"async\" class=\"medal2\" style=\"font-size: 16px;\" src=\"https:\/\/verve-champagne.com\/wp-content\/uploads\/2017\/09\/medallien-nicolo-tradition.png\" \/><\/p>\n<\/div>","protected":false},"featured_media":6656,"template":"","meta":{"inline_featured_image":false},"product_brand":[],"product_cat":[355,347,365,137,348,381],"product_tag":[91,100,379,380],"class_list":{"0":"post-5471","1":"product","2":"type-product","3":"status-publish","4":"has-post-thumbnail","6":"product_cat-brut","7":"product_cat-chardonnay","8":"product_cat-cuvee","9":"product_cat-nicolo-paradis","10":"product_cat-pinot-meunier","11":"product_cat-pinot-noir","12":"product_tag-brut","13":"product_tag-cuvee","14":"product_tag-nicolo-paradis","15":"product_tag-tradition","17":"first","18":"instock","19":"taxable","20":"shipping-taxable","21":"purchasable","22":"product-type-simple"},"_links":{"self":[{"href":"https:\/\/verve-champagne.com\/en\/wp-json\/wp\/v2\/product\/5471","targetHints":{"allow":["GET"]}}],"collection":[{"href":"https:\/\/verve-champagne.com\/en\/wp-json\/wp\/v2\/product"}],"about":[{"href":"https:\/\/verve-champagne.com\/en\/wp-json\/wp\/v2\/types\/product"}],"wp:featuredmedia":[{"embeddable":true,"href":"https:\/\/verve-champagne.com\/en\/wp-json\/wp\/v2\/media\/6656"}],"wp:attachment":[{"href":"https:\/\/verve-champagne.com\/en\/wp-json\/wp\/v2\/media?parent=5471"}],"wp:term":[{"taxonomy":"product_brand","embeddable":true,"href":"https:\/\/verve-champagne.com\/en\/wp-json\/wp\/v2\/product_brand?post=5471"},{"taxonomy":"product_cat","embeddable":true,"href":"https:\/\/verve-champagne.com\/en\/wp-json\/wp\/v2\/product_cat?post=5471"},{"taxonomy":"product_tag","embeddable":true,"href":"https:\/\/verve-champagne.com\/en\/wp-json\/wp\/v2\/product_tag?post=5471"}],"curies":[{"name":"wp","href":"https:\/\/api.w.org\/{rel}","templated":true}]}}