{"id":5479,"date":"2017-09-13T18:19:13","date_gmt":"2017-09-13T16:19:13","guid":{"rendered":"http:\/\/s830362483.online.de\/?post_type=product&#038;p=5479"},"modified":"2022-09-22T20:04:22","modified_gmt":"2022-09-22T18:04:22","slug":"cuvee-chardonnay","status":"publish","type":"product","link":"https:\/\/verve-champagne.com\/en\/product\/cuvee-chardonnay\/","title":{"rendered":"Nicolo &#038; Paradis <\/br>Cuv\u00e9e Chardonnay"},"content":{"rendered":"","protected":false},"excerpt":{"rendered":"<div class=\"beschreibung\">\n<p>Ein Ausnahme-Chardonnay, elegant und leuchtend im Glas mit einer Nase von Citrusfr\u00fcchten, Birne und Pfirsich entwickelt er sich am Gaumen sehr intensiv und h\u00e4lt lange an, einfach sch\u00f6n elegant und komplex zugleich.<\/p>\n<\/div>","protected":false},"featured_media":6657,"template":"","meta":{"inline_featured_image":false},"product_brand":[],"product_cat":[347,365,137],"product_tag":[226,100,379],"class_list":{"0":"post-5479","1":"product","2":"type-product","3":"status-publish","4":"has-post-thumbnail","6":"product_cat-chardonnay","7":"product_cat-cuvee","8":"product_cat-nicolo-paradis","9":"product_tag-chardonnay","10":"product_tag-cuvee","11":"product_tag-nicolo-paradis","13":"first","14":"instock","15":"taxable","16":"shipping-taxable","17":"purchasable","18":"product-type-simple"},"_links":{"self":[{"href":"https:\/\/verve-champagne.com\/en\/wp-json\/wp\/v2\/product\/5479","targetHints":{"allow":["GET"]}}],"collection":[{"href":"https:\/\/verve-champagne.com\/en\/wp-json\/wp\/v2\/product"}],"about":[{"href":"https:\/\/verve-champagne.com\/en\/wp-json\/wp\/v2\/types\/product"}],"wp:featuredmedia":[{"embeddable":true,"href":"https:\/\/verve-champagne.com\/en\/wp-json\/wp\/v2\/media\/6657"}],"wp:attachment":[{"href":"https:\/\/verve-champagne.com\/en\/wp-json\/wp\/v2\/media?parent=5479"}],"wp:term":[{"taxonomy":"product_brand","embeddable":true,"href":"https:\/\/verve-champagne.com\/en\/wp-json\/wp\/v2\/product_brand?post=5479"},{"taxonomy":"product_cat","embeddable":true,"href":"https:\/\/verve-champagne.com\/en\/wp-json\/wp\/v2\/product_cat?post=5479"},{"taxonomy":"product_tag","embeddable":true,"href":"https:\/\/verve-champagne.com\/en\/wp-json\/wp\/v2\/product_tag?post=5479"}],"curies":[{"name":"wp","href":"https:\/\/api.w.org\/{rel}","templated":true}]}}