{"id":7220,"date":"2020-07-13T17:23:38","date_gmt":"2020-07-13T15:23:38","guid":{"rendered":"http:\/\/s830362483.online.de\/produkt\/cuvee-brut-tradition-copy-copy\/"},"modified":"2022-09-22T20:03:39","modified_gmt":"2022-09-22T18:03:39","slug":"excellence","status":"publish","type":"product","link":"https:\/\/verve-champagne.com\/en\/product\/excellence\/","title":{"rendered":"Nicolo &#038; Paradis <\/br>Excellence"},"content":{"rendered":"","protected":false},"excerpt":{"rendered":"<div class=\"beschreibung\">\n<p>Das \u00c4u\u00dfere verspricht schon was dieser tolle Champagner mitbringt, eine intensiv gelbe Farbe und eine feine Perlage. Aromatisch Komplexit\u00e4t nach frischen Aromen gepaart mit Mandelpaste, Geb\u00e4ck und Brioche. Dieses perfekte Gleichgewicht h\u00e4lt sich mit einer sehr guten L\u00e4nge am Gaumen.<\/p>\n<p>&nbsp;<\/p>\n<\/div>","protected":false},"featured_media":7216,"template":"","meta":{"inline_featured_image":false},"product_brand":[],"product_cat":[355,347,137,359],"product_tag":[227,379],"class_list":{"0":"post-7220","1":"product","2":"type-product","3":"status-publish","4":"has-post-thumbnail","6":"product_cat-brut","7":"product_cat-chardonnay","8":"product_cat-nicolo-paradis","9":"product_cat-speciale","10":"product_tag-excellence","11":"product_tag-nicolo-paradis","13":"first","14":"instock","15":"taxable","16":"shipping-taxable","17":"purchasable","18":"product-type-simple"},"_links":{"self":[{"href":"https:\/\/verve-champagne.com\/en\/wp-json\/wp\/v2\/product\/7220","targetHints":{"allow":["GET"]}}],"collection":[{"href":"https:\/\/verve-champagne.com\/en\/wp-json\/wp\/v2\/product"}],"about":[{"href":"https:\/\/verve-champagne.com\/en\/wp-json\/wp\/v2\/types\/product"}],"wp:featuredmedia":[{"embeddable":true,"href":"https:\/\/verve-champagne.com\/en\/wp-json\/wp\/v2\/media\/7216"}],"wp:attachment":[{"href":"https:\/\/verve-champagne.com\/en\/wp-json\/wp\/v2\/media?parent=7220"}],"wp:term":[{"taxonomy":"product_brand","embeddable":true,"href":"https:\/\/verve-champagne.com\/en\/wp-json\/wp\/v2\/product_brand?post=7220"},{"taxonomy":"product_cat","embeddable":true,"href":"https:\/\/verve-champagne.com\/en\/wp-json\/wp\/v2\/product_cat?post=7220"},{"taxonomy":"product_tag","embeddable":true,"href":"https:\/\/verve-champagne.com\/en\/wp-json\/wp\/v2\/product_tag?post=7220"}],"curies":[{"name":"wp","href":"https:\/\/api.w.org\/{rel}","templated":true}]}}