{"id":7773,"date":"2020-10-04T17:16:54","date_gmt":"2020-10-04T15:16:54","guid":{"rendered":"https:\/\/verve-champagne.com\/produkt\/duvee-delicatessence-rose-de-saignee-copy\/"},"modified":"2022-09-21T10:58:19","modified_gmt":"2022-09-21T08:58:19","slug":"cuvee-reflet-de-terre","status":"publish","type":"product","link":"https:\/\/verve-champagne.com\/en\/product\/cuvee-reflet-de-terre\/","title":{"rendered":"J.M. Tissier <\/br>Cuv\u00e9e <\/br>Reflet de Terre"},"content":{"rendered":"","protected":false},"excerpt":{"rendered":"<p id=\"tw-target-text\" class=\"tw-data-text tw-text-large XcVN5d tw-ta\" dir=\"ltr\" data-placeholder=\"\u00dcbersetzung\"><span lang=\"de\">Reflet de Terre zeigt eine hellgoldene Farbe, die mit gl\u00e4nzenden Reflexen und etwas cremigem Sprudeln get\u00f6nt ist. Es dr\u00fcckt sich mit viel Eleganz und Finesse in Flora-Noten aus, gemischt mit Noten von Zitrusfr\u00fcchten und frischen Fr\u00fcchten: Apfel, Birne, Traube. Seine Jugend und Frische kann \u00fcberraschend und verf\u00fchrerisch sein.<\/span><\/p>","protected":false},"featured_media":7792,"template":"","meta":{"inline_featured_image":false},"product_brand":[],"product_cat":[355,347,365,135,242,348,381],"product_tag":[100,373,390],"class_list":{"0":"post-7773","1":"product","2":"type-product","3":"status-publish","4":"has-post-thumbnail","6":"product_cat-brut","7":"product_cat-chardonnay","8":"product_cat-cuvee","9":"product_cat-gourmet-champagner","10":"product_cat-jm-tissier","11":"product_cat-pinot-meunier","12":"product_cat-pinot-noir","13":"product_tag-cuvee","14":"product_tag-j-m-tissier","15":"product_tag-reflet-de-terre","17":"first","18":"instock","19":"taxable","20":"shipping-taxable","21":"purchasable","22":"product-type-simple"},"_links":{"self":[{"href":"https:\/\/verve-champagne.com\/en\/wp-json\/wp\/v2\/product\/7773","targetHints":{"allow":["GET"]}}],"collection":[{"href":"https:\/\/verve-champagne.com\/en\/wp-json\/wp\/v2\/product"}],"about":[{"href":"https:\/\/verve-champagne.com\/en\/wp-json\/wp\/v2\/types\/product"}],"wp:featuredmedia":[{"embeddable":true,"href":"https:\/\/verve-champagne.com\/en\/wp-json\/wp\/v2\/media\/7792"}],"wp:attachment":[{"href":"https:\/\/verve-champagne.com\/en\/wp-json\/wp\/v2\/media?parent=7773"}],"wp:term":[{"taxonomy":"product_brand","embeddable":true,"href":"https:\/\/verve-champagne.com\/en\/wp-json\/wp\/v2\/product_brand?post=7773"},{"taxonomy":"product_cat","embeddable":true,"href":"https:\/\/verve-champagne.com\/en\/wp-json\/wp\/v2\/product_cat?post=7773"},{"taxonomy":"product_tag","embeddable":true,"href":"https:\/\/verve-champagne.com\/en\/wp-json\/wp\/v2\/product_tag?post=7773"}],"curies":[{"name":"wp","href":"https:\/\/api.w.org\/{rel}","templated":true}]}}