{"id":7775,"date":"2020-10-04T17:26:11","date_gmt":"2020-10-04T15:26:11","guid":{"rendered":"https:\/\/verve-champagne.com\/produkt\/cuvee-reflet-de-terre-copy\/"},"modified":"2022-09-20T12:10:56","modified_gmt":"2022-09-20T10:10:56","slug":"ancestrale-vintage-2013","status":"publish","type":"product","link":"https:\/\/verve-champagne.com\/en\/product\/ancestrale-vintage-2013\/","title":{"rendered":"J.M. Tissier Ancestrale Vintage 2013"},"content":{"rendered":"","protected":false},"excerpt":{"rendered":"<p id=\"tw-target-text\" class=\"tw-data-text tw-text-large XcVN5d tw-ta\" dir=\"ltr\" data-placeholder=\"\u00dcbersetzung\"><span lang=\"de\">Helle bernsteinfarbene Goldfarbe mit einem sch\u00f6nen leichten Aufbrausen, schnell, cremig mit einer anhaltende Perle. Intensive Nase mit einer sch\u00f6nen Komplexit\u00e4t der Aromen: rauchig, Kardamom, Mandarine, Butter Shortbread. Am Gaumen lebhafte Attacke, reichhaltiger Wein, volumin\u00f6s und feinschmeckerisch. Diskrete Dosierung, langer und schmackhafter Abgang. Es bietet ein Vergn\u00fcgen, das nur Champagnerweine bieten k\u00f6nnen, wenn sie Komplexit\u00e4t und Frische mischen. Ein sch\u00f6ner Wein.<\/span><\/p>","protected":false},"featured_media":7791,"template":"","meta":{"inline_featured_image":false},"product_brand":[],"product_cat":[355,347,135,242,348,381,356],"product_tag":[378,391,373,225],"class_list":{"0":"post-7775","1":"product","2":"type-product","3":"status-publish","4":"has-post-thumbnail","6":"product_cat-brut","7":"product_cat-chardonnay","8":"product_cat-gourmet-champagner","9":"product_cat-jm-tissier","10":"product_cat-pinot-meunier","11":"product_cat-pinot-noir","12":"product_cat-vintage","13":"product_tag-378","14":"product_tag-ancestrale","15":"product_tag-j-m-tissier","16":"product_tag-vintage","18":"first","19":"instock","20":"taxable","21":"shipping-taxable","22":"purchasable","23":"product-type-simple"},"_links":{"self":[{"href":"https:\/\/verve-champagne.com\/en\/wp-json\/wp\/v2\/product\/7775","targetHints":{"allow":["GET"]}}],"collection":[{"href":"https:\/\/verve-champagne.com\/en\/wp-json\/wp\/v2\/product"}],"about":[{"href":"https:\/\/verve-champagne.com\/en\/wp-json\/wp\/v2\/types\/product"}],"wp:featuredmedia":[{"embeddable":true,"href":"https:\/\/verve-champagne.com\/en\/wp-json\/wp\/v2\/media\/7791"}],"wp:attachment":[{"href":"https:\/\/verve-champagne.com\/en\/wp-json\/wp\/v2\/media?parent=7775"}],"wp:term":[{"taxonomy":"product_brand","embeddable":true,"href":"https:\/\/verve-champagne.com\/en\/wp-json\/wp\/v2\/product_brand?post=7775"},{"taxonomy":"product_cat","embeddable":true,"href":"https:\/\/verve-champagne.com\/en\/wp-json\/wp\/v2\/product_cat?post=7775"},{"taxonomy":"product_tag","embeddable":true,"href":"https:\/\/verve-champagne.com\/en\/wp-json\/wp\/v2\/product_tag?post=7775"}],"curies":[{"name":"wp","href":"https:\/\/api.w.org\/{rel}","templated":true}]}}