{"id":7813,"date":"2020-10-06T13:30:40","date_gmt":"2020-10-06T11:30:40","guid":{"rendered":"https:\/\/verve-champagne.com\/produkt\/paul-louis-martin-brut-copy\/"},"modified":"2022-09-21T11:22:45","modified_gmt":"2022-09-21T09:22:45","slug":"paul-louis-martin-grand-cru-extra-brut","status":"publish","type":"product","link":"https:\/\/verve-champagne.com\/en\/product\/paul-louis-martin-grand-cru-extra-brut\/","title":{"rendered":"P. Louis Martin <\/br>Grand Cru"},"content":{"rendered":"","protected":false},"excerpt":{"rendered":"<p class=\"tw-data-text tw-text-large XcVN5d tw-ta\" dir=\"ltr\" data-placeholder=\"\u00dcbersetzung\"><span lang=\"de\">Der Paul Louis Martin Brut Grand Cru besitzt eine h<\/span><span lang=\"de\">ellgelbe Farbe mit feinen Blasen. Eine frische Nase mit Grapefruitaromen und Getreidenoten (Brot, Weizen, Gerste) \u2013 ein frischer Angriff auf die Geschmacksknospen. Der Gaumen ist strukturiert, mit Pflaumenaromen und einem Hauch von Kreide, was auch die Jury des &#8220;Decanter World Wine Awards 2020&#8243;und &#8220;Concours G\u00e9n\u00e9ral Paris&#8221; \u00fcberzeugte und diesem edlen Champagner die BRONZE Medaille verlieh.<\/span><\/p>\n<p class=\"tw-data-text tw-text-large XcVN5d tw-ta\" dir=\"ltr\" data-placeholder=\"\u00dcbersetzung\"><span lang=\"de\"><img decoding=\"async\" class=\"alignnone size-full wp-image-7822\" src=\"https:\/\/verve-champagne.com\/wp-content\/uploads\/2020\/10\/concours-generale-award-logo.jpg\" alt=\"\" width=\"112\" height=\"105\" \/><img decoding=\"async\" class=\"alignnone size-full wp-image-7824\" src=\"https:\/\/verve-champagne.com\/wp-content\/uploads\/2020\/10\/medaille-de-bronze-1.jpg\" alt=\"\" width=\"112\" height=\"105\" \/><\/span><img decoding=\"async\" class=\"alignnone size-full wp-image-7811 alignleft\" src=\"https:\/\/verve-champagne.com\/wp-content\/uploads\/2020\/10\/Decanter-wards-2020-logo.png\" alt=\"\" width=\"105\" height=\"112\" \/> <img decoding=\"async\" class=\"alignnone wp-image-7810 size-full alignleft\" src=\"https:\/\/verve-champagne.com\/wp-content\/uploads\/2020\/10\/decanter-bronze-award.jpg\" alt=\"\" width=\"112\" height=\"105\" \/><\/p>","protected":false},"featured_media":7885,"template":"","meta":{"inline_featured_image":false},"product_brand":[],"product_cat":[138,347,352,353,171,381],"product_tag":[226,409,321,406,224],"class_list":{"0":"post-7813","1":"product","2":"type-product","3":"status-publish","4":"has-post-thumbnail","6":"product_cat-grandes-marques","7":"product_cat-chardonnay","8":"product_cat-extra-brut","9":"product_cat-grand-cru","10":"product_cat-paul-louis-martin","11":"product_cat-pinot-noir","12":"product_tag-chardonnay","13":"product_tag-extra-brut","14":"product_tag-grand-cru","15":"product_tag-p-louis-martin","16":"product_tag-pinot-noir","18":"first","19":"onbackorder","20":"taxable","21":"shipping-taxable","22":"purchasable","23":"product-type-simple"},"_links":{"self":[{"href":"https:\/\/verve-champagne.com\/en\/wp-json\/wp\/v2\/product\/7813","targetHints":{"allow":["GET"]}}],"collection":[{"href":"https:\/\/verve-champagne.com\/en\/wp-json\/wp\/v2\/product"}],"about":[{"href":"https:\/\/verve-champagne.com\/en\/wp-json\/wp\/v2\/types\/product"}],"wp:featuredmedia":[{"embeddable":true,"href":"https:\/\/verve-champagne.com\/en\/wp-json\/wp\/v2\/media\/7885"}],"wp:attachment":[{"href":"https:\/\/verve-champagne.com\/en\/wp-json\/wp\/v2\/media?parent=7813"}],"wp:term":[{"taxonomy":"product_brand","embeddable":true,"href":"https:\/\/verve-champagne.com\/en\/wp-json\/wp\/v2\/product_brand?post=7813"},{"taxonomy":"product_cat","embeddable":true,"href":"https:\/\/verve-champagne.com\/en\/wp-json\/wp\/v2\/product_cat?post=7813"},{"taxonomy":"product_tag","embeddable":true,"href":"https:\/\/verve-champagne.com\/en\/wp-json\/wp\/v2\/product_tag?post=7813"}],"curies":[{"name":"wp","href":"https:\/\/api.w.org\/{rel}","templated":true}]}}