{"id":7816,"date":"2020-10-06T13:40:24","date_gmt":"2020-10-06T11:40:24","guid":{"rendered":"https:\/\/verve-champagne.com\/produkt\/paul-louis-martin-brut-grand-cru-copy\/"},"modified":"2022-09-21T11:22:11","modified_gmt":"2022-09-21T09:22:11","slug":"paul-louis-martin-brut-blanc-de-noirs","status":"publish","type":"product","link":"https:\/\/verve-champagne.com\/en\/product\/paul-louis-martin-brut-blanc-de-noirs\/","title":{"rendered":"P. Louis Martin <\/br>Blanc de Noirs"},"content":{"rendered":"","protected":false},"excerpt":{"rendered":"<p class=\"tw-data-text tw-text-large XcVN5d tw-ta\" dir=\"ltr\" data-placeholder=\"\u00dcbersetzung\"><span lang=\"de\">Der Paul Louis Martin Blanc de Noirs besitzt eine h<\/span><span lang=\"de\">ellgoldene Farbe. Eine fruchtige Nase (Pfirsiche, Aprikosen) mit einem Hauch von Gew\u00fcrzen (Earl Grey). Angenehme, blumige Noten. Hervorragende Struktur und sauberer Angriff mit der nat\u00fcrlichen S\u00e4ure roter Beeren. Dieser preisgekr\u00f6nte Champagner wurde schon 2012 und 2013 ausgezeichnet.<\/span><\/p>\n<p dir=\"ltr\" data-placeholder=\"\u00dcbersetzung\"><img decoding=\"async\" class=\"alignnone size-full wp-image-7811\" src=\"https:\/\/verve-champagne.com\/wp-content\/uploads\/2020\/10\/Decanter-wards-2020-logo.png\" alt=\"\" width=\"105\" height=\"112\" \/> <img decoding=\"async\" class=\"alignnone wp-image-7810 size-full\" src=\"https:\/\/verve-champagne.com\/wp-content\/uploads\/2020\/10\/decanter-bronze-award.jpg\" alt=\"\" width=\"112\" height=\"105\" \/><\/p>","protected":false},"featured_media":7881,"template":"","meta":{"inline_featured_image":false},"product_brand":[],"product_cat":[138,346,355,171,348,381],"product_tag":[410,91,406],"class_list":{"0":"post-7816","1":"product","2":"type-product","3":"status-publish","4":"has-post-thumbnail","6":"product_cat-grandes-marques","7":"product_cat-blanc-de-noirs","8":"product_cat-brut","9":"product_cat-paul-louis-martin","10":"product_cat-pinot-meunier","11":"product_cat-pinot-noir","12":"product_tag-blanc-de-noirs","13":"product_tag-brut","14":"product_tag-p-louis-martin","16":"first","17":"onbackorder","18":"taxable","19":"shipping-taxable","20":"purchasable","21":"product-type-simple"},"_links":{"self":[{"href":"https:\/\/verve-champagne.com\/en\/wp-json\/wp\/v2\/product\/7816","targetHints":{"allow":["GET"]}}],"collection":[{"href":"https:\/\/verve-champagne.com\/en\/wp-json\/wp\/v2\/product"}],"about":[{"href":"https:\/\/verve-champagne.com\/en\/wp-json\/wp\/v2\/types\/product"}],"wp:featuredmedia":[{"embeddable":true,"href":"https:\/\/verve-champagne.com\/en\/wp-json\/wp\/v2\/media\/7881"}],"wp:attachment":[{"href":"https:\/\/verve-champagne.com\/en\/wp-json\/wp\/v2\/media?parent=7816"}],"wp:term":[{"taxonomy":"product_brand","embeddable":true,"href":"https:\/\/verve-champagne.com\/en\/wp-json\/wp\/v2\/product_brand?post=7816"},{"taxonomy":"product_cat","embeddable":true,"href":"https:\/\/verve-champagne.com\/en\/wp-json\/wp\/v2\/product_cat?post=7816"},{"taxonomy":"product_tag","embeddable":true,"href":"https:\/\/verve-champagne.com\/en\/wp-json\/wp\/v2\/product_tag?post=7816"}],"curies":[{"name":"wp","href":"https:\/\/api.w.org\/{rel}","templated":true}]}}