{"id":7830,"date":"2020-10-06T14:16:16","date_gmt":"2020-10-06T12:16:16","guid":{"rendered":"https:\/\/verve-champagne.com\/produkt\/paul-louis-martin-cuvee-vincent-copy\/"},"modified":"2022-09-21T11:20:36","modified_gmt":"2022-09-21T09:20:36","slug":"paul-louis-martin-brut-millesime-2012","status":"publish","type":"product","link":"https:\/\/verve-champagne.com\/en\/product\/paul-louis-martin-brut-millesime-2012\/","title":{"rendered":"P. Louis Martin <\/br>Mill\u00e9sime 2012<\/br>Brut"},"content":{"rendered":"","protected":false},"excerpt":{"rendered":"<p class=\"tw-data-text tw-text-large XcVN5d tw-ta\" dir=\"ltr\" data-placeholder=\"\u00dcbersetzung\">Dieser Champagner zeigt sich in einem\u00a0<span lang=\"de\">brillantem Kleid mit feinen Blasen. Eine frische Nase mit einem Hauch von Fr\u00fcchten wie Pfirsich und subtilen Noten exotischer Fr\u00fcchte. Sch\u00f6ne Rundheit, eine sch\u00f6ne Balance zwischen Frucht und S\u00e4ure.<\/span><\/p>","protected":false},"featured_media":7882,"template":"","meta":{"inline_featured_image":false},"product_brand":[],"product_cat":[138,355,347,351,171,381],"product_tag":[378,91,226,411,406,224],"class_list":{"0":"post-7830","1":"product","2":"type-product","3":"status-publish","4":"has-post-thumbnail","6":"product_cat-grandes-marques","7":"product_cat-brut","8":"product_cat-chardonnay","9":"product_cat-millesime","10":"product_cat-paul-louis-martin","11":"product_cat-pinot-noir","12":"product_tag-378","13":"product_tag-brut","14":"product_tag-chardonnay","15":"product_tag-millesime-2","16":"product_tag-p-louis-martin","17":"product_tag-pinot-noir","19":"first","20":"onbackorder","21":"taxable","22":"shipping-taxable","23":"purchasable","24":"product-type-simple"},"_links":{"self":[{"href":"https:\/\/verve-champagne.com\/en\/wp-json\/wp\/v2\/product\/7830","targetHints":{"allow":["GET"]}}],"collection":[{"href":"https:\/\/verve-champagne.com\/en\/wp-json\/wp\/v2\/product"}],"about":[{"href":"https:\/\/verve-champagne.com\/en\/wp-json\/wp\/v2\/types\/product"}],"wp:featuredmedia":[{"embeddable":true,"href":"https:\/\/verve-champagne.com\/en\/wp-json\/wp\/v2\/media\/7882"}],"wp:attachment":[{"href":"https:\/\/verve-champagne.com\/en\/wp-json\/wp\/v2\/media?parent=7830"}],"wp:term":[{"taxonomy":"product_brand","embeddable":true,"href":"https:\/\/verve-champagne.com\/en\/wp-json\/wp\/v2\/product_brand?post=7830"},{"taxonomy":"product_cat","embeddable":true,"href":"https:\/\/verve-champagne.com\/en\/wp-json\/wp\/v2\/product_cat?post=7830"},{"taxonomy":"product_tag","embeddable":true,"href":"https:\/\/verve-champagne.com\/en\/wp-json\/wp\/v2\/product_tag?post=7830"}],"curies":[{"name":"wp","href":"https:\/\/api.w.org\/{rel}","templated":true}]}}