{"id":7841,"date":"2020-10-06T14:43:14","date_gmt":"2020-10-06T12:43:14","guid":{"rendered":"https:\/\/verve-champagne.com\/produkt\/erick-schreiber-astral-copy\/"},"modified":"2022-09-22T20:02:10","modified_gmt":"2022-09-22T18:02:10","slug":"erick-schreiber-blanc-de-gris","status":"publish","type":"product","link":"https:\/\/verve-champagne.com\/en\/product\/erick-schreiber-blanc-de-gris\/","title":{"rendered":"Erick Schreiber <\/br>Blanc de Gris"},"content":{"rendered":"","protected":false},"excerpt":{"rendered":"<p class=\"tw-data-text tw-text-large XcVN5d tw-ta\" dir=\"ltr\" data-placeholder=\"\u00dcbersetzung\"><span lang=\"de\">Dieser Champagner geh\u00f6rt zur obersten Extraklasse! Diese\u00a0<\/span><span lang=\"de\">Einzigartige und beispiellose Cuv\u00e9e aus Wei\u00dfburgunder und Grauburgunder, die biodynamisch angebaut werden. Eine Vintage Cuv\u00e9e, die ohne Schwefelzusatz bei der Produktion auskommt. Dieser exklusive Champagner kommt mit\u00a0<\/span><span lang=\"de\">Aromen von Zitrusfr\u00fcchten und wei\u00dfen Fr\u00fcchten. Am Gaumen finden sich frische Mandeln mit einem Hauch von Anis. Viel Finesse und Zartheit. Eine Cube mit Finesse, Eleganz, Kraft und Komplexit\u00e4t.<\/span><\/p>\n<p dir=\"ltr\" data-placeholder=\"\u00dcbersetzung\"><img decoding=\"async\" class=\"alignnone size-medium wp-image-7474\" src=\"https:\/\/verve-champagne.com\/wp-content\/uploads\/2020\/09\/bio-demeter-ecocert-logo-300x89.png\" alt=\"\" width=\"300\" height=\"89\" \/><\/p>","protected":false},"featured_media":7850,"template":"","meta":{"inline_featured_image":false},"product_brand":[],"product_cat":[238,400,355,365,237,359],"product_tag":[403,405,91,100,404,401,418,419],"class_list":{"0":"post-7841","1":"product","2":"type-product","3":"status-publish","4":"has-post-thumbnail","6":"product_cat-bio-champagner","7":"product_cat-blanc-de-gris","8":"product_cat-brut","9":"product_cat-cuvee","10":"product_cat-erick-schreiber","11":"product_cat-speciale","12":"product_tag-bio","13":"product_tag-blanc-de-gris","14":"product_tag-brut","15":"product_tag-cuvee","16":"product_tag-demeter","17":"product_tag-erick-schreiber","18":"product_tag-pinot-blanc","19":"product_tag-pinot-gris","21":"first","22":"onbackorder","23":"taxable","24":"shipping-taxable","25":"purchasable","26":"product-type-simple"},"_links":{"self":[{"href":"https:\/\/verve-champagne.com\/en\/wp-json\/wp\/v2\/product\/7841","targetHints":{"allow":["GET"]}}],"collection":[{"href":"https:\/\/verve-champagne.com\/en\/wp-json\/wp\/v2\/product"}],"about":[{"href":"https:\/\/verve-champagne.com\/en\/wp-json\/wp\/v2\/types\/product"}],"wp:featuredmedia":[{"embeddable":true,"href":"https:\/\/verve-champagne.com\/en\/wp-json\/wp\/v2\/media\/7850"}],"wp:attachment":[{"href":"https:\/\/verve-champagne.com\/en\/wp-json\/wp\/v2\/media?parent=7841"}],"wp:term":[{"taxonomy":"product_brand","embeddable":true,"href":"https:\/\/verve-champagne.com\/en\/wp-json\/wp\/v2\/product_brand?post=7841"},{"taxonomy":"product_cat","embeddable":true,"href":"https:\/\/verve-champagne.com\/en\/wp-json\/wp\/v2\/product_cat?post=7841"},{"taxonomy":"product_tag","embeddable":true,"href":"https:\/\/verve-champagne.com\/en\/wp-json\/wp\/v2\/product_tag?post=7841"}],"curies":[{"name":"wp","href":"https:\/\/api.w.org\/{rel}","templated":true}]}}