{"id":8139,"date":"2021-05-17T19:54:28","date_gmt":"2021-05-17T17:54:28","guid":{"rendered":"https:\/\/verve-champagne.com\/?post_type=product&#038;p=8139"},"modified":"2022-09-20T16:33:21","modified_gmt":"2022-09-20T14:33:21","slug":"roger-manceaux-1er-cru-cuvee-de-reserve-party-groessen","status":"publish","type":"product","link":"https:\/\/verve-champagne.com\/en\/product\/roger-manceaux-1er-cru-cuvee-de-reserve-party-groessen\/","title":{"rendered":"Roger Manceaux 1er Cru Cuv\u00e9e De R\u00e9serve (Party-Gr\u00f6\u00dfen)"},"content":{"rendered":"","protected":false},"excerpt":{"rendered":"<div class=\"beschreibung\">\n<p>Dieser Champagner \u00f6ffnet sich mit einer hellgoldenen Farbe und einer frischen Nase voller Fr\u00fchlingsfruchtaromen.<\/p>\n<p>Der Gaumen ist frisch und weich ausbalanciert und entwickelt eine\u00a0geschmeidige Struktur.<\/p>\n<\/div>","protected":false},"featured_media":8142,"template":"","meta":{"inline_featured_image":false},"product_brand":[],"product_cat":[355,365,353,354,139],"product_tag":[344,321,343,191],"class_list":{"0":"post-8139","1":"product","2":"type-product","3":"status-publish","4":"has-post-thumbnail","6":"product_cat-brut","7":"product_cat-cuvee","8":"product_cat-grand-cru","9":"product_cat-premier-cru","10":"product_cat-roger-manceaux","11":"product_tag-1er-cru","12":"product_tag-grand-cru","13":"product_tag-premier-cru","14":"product_tag-roger-manceaux-cuvee-de-reserve","16":"first","17":"onbackorder","18":"taxable","19":"shipping-taxable","20":"purchasable","21":"product-type-variable"},"_links":{"self":[{"href":"https:\/\/verve-champagne.com\/en\/wp-json\/wp\/v2\/product\/8139","targetHints":{"allow":["GET"]}}],"collection":[{"href":"https:\/\/verve-champagne.com\/en\/wp-json\/wp\/v2\/product"}],"about":[{"href":"https:\/\/verve-champagne.com\/en\/wp-json\/wp\/v2\/types\/product"}],"wp:featuredmedia":[{"embeddable":true,"href":"https:\/\/verve-champagne.com\/en\/wp-json\/wp\/v2\/media\/8142"}],"wp:attachment":[{"href":"https:\/\/verve-champagne.com\/en\/wp-json\/wp\/v2\/media?parent=8139"}],"wp:term":[{"taxonomy":"product_brand","embeddable":true,"href":"https:\/\/verve-champagne.com\/en\/wp-json\/wp\/v2\/product_brand?post=8139"},{"taxonomy":"product_cat","embeddable":true,"href":"https:\/\/verve-champagne.com\/en\/wp-json\/wp\/v2\/product_cat?post=8139"},{"taxonomy":"product_tag","embeddable":true,"href":"https:\/\/verve-champagne.com\/en\/wp-json\/wp\/v2\/product_tag?post=8139"}],"curies":[{"name":"wp","href":"https:\/\/api.w.org\/{rel}","templated":true}]}}