{"id":8306,"date":"2022-09-20T12:13:11","date_gmt":"2022-09-20T10:13:11","guid":{"rendered":"https:\/\/verve-champagne.com\/?post_type=product&#038;p=8306"},"modified":"2022-09-21T10:55:37","modified_gmt":"2022-09-21T08:55:37","slug":"j-m-tissier-blanc-de-blancs-2015","status":"publish","type":"product","link":"https:\/\/verve-champagne.com\/en\/product\/j-m-tissier-blanc-de-blancs-2015\/","title":{"rendered":"J.M. Tissier  Diog\u00e9nis &#8211; Blanc de Blancs 2015"},"content":{"rendered":"","protected":false},"excerpt":{"rendered":"<p id=\"tw-target-text\" class=\"tw-data-text tw-text-large XcVN5d tw-ta\" dir=\"ltr\" data-placeholder=\"\u00dcbersetzung\">Die Farbe ist hell strohgelb, sch\u00f6n gl\u00e4nzend mit einer feinen Kette von kleinen Bl\u00e4schen.\u00a0Intensive Nase von Hefen, gr\u00fcnem Pfeffer, rauchig, Zitrusfr\u00fcchten und Williamsbirne, die sich entfaltet und an Kraft gewinnt.\u00a0Am Gaumen ist der Wein luftig, der Abgang ist lang, kraftvoll, robust und schmackhaft mit gro\u00dfer Finesse.<\/p>","protected":false},"featured_media":8379,"template":"","meta":{"inline_featured_image":false},"product_brand":[],"product_cat":[345,355,347,135,242,354,356],"product_tag":[90,91,373],"class_list":{"0":"post-8306","1":"product","2":"type-product","3":"status-publish","4":"has-post-thumbnail","6":"product_cat-blanc-de-blancs","7":"product_cat-brut","8":"product_cat-chardonnay","9":"product_cat-gourmet-champagner","10":"product_cat-jm-tissier","11":"product_cat-premier-cru","12":"product_cat-vintage","13":"product_tag-blanc","14":"product_tag-brut","15":"product_tag-j-m-tissier","17":"first","18":"instock","19":"taxable","20":"shipping-taxable","21":"purchasable","22":"product-type-simple"},"_links":{"self":[{"href":"https:\/\/verve-champagne.com\/en\/wp-json\/wp\/v2\/product\/8306","targetHints":{"allow":["GET"]}}],"collection":[{"href":"https:\/\/verve-champagne.com\/en\/wp-json\/wp\/v2\/product"}],"about":[{"href":"https:\/\/verve-champagne.com\/en\/wp-json\/wp\/v2\/types\/product"}],"wp:featuredmedia":[{"embeddable":true,"href":"https:\/\/verve-champagne.com\/en\/wp-json\/wp\/v2\/media\/8379"}],"wp:attachment":[{"href":"https:\/\/verve-champagne.com\/en\/wp-json\/wp\/v2\/media?parent=8306"}],"wp:term":[{"taxonomy":"product_brand","embeddable":true,"href":"https:\/\/verve-champagne.com\/en\/wp-json\/wp\/v2\/product_brand?post=8306"},{"taxonomy":"product_cat","embeddable":true,"href":"https:\/\/verve-champagne.com\/en\/wp-json\/wp\/v2\/product_cat?post=8306"},{"taxonomy":"product_tag","embeddable":true,"href":"https:\/\/verve-champagne.com\/en\/wp-json\/wp\/v2\/product_tag?post=8306"}],"curies":[{"name":"wp","href":"https:\/\/api.w.org\/{rel}","templated":true}]}}