{"id":8313,"date":"2022-09-20T12:41:56","date_gmt":"2022-09-20T10:41:56","guid":{"rendered":"https:\/\/verve-champagne.com\/?post_type=product&#038;p=8313"},"modified":"2022-09-21T11:03:40","modified_gmt":"2022-09-21T09:03:40","slug":"dauby-blanc-de-noirs","status":"publish","type":"product","link":"https:\/\/verve-champagne.com\/en\/product\/dauby-blanc-de-noirs\/","title":{"rendered":"Dauby <\/br>Blanc de Noirs"},"content":{"rendered":"","protected":false},"excerpt":{"rendered":"<div class=\"beschreibung\">\n<p>Rebsortenreine Cuv\u00e9e, die ausschlie\u00dflich aus unseren sch\u00f6nsten Pinot Noirs aus Mutigny, einem als Premier Cru klassifizierten Terroir, hergestellt wird. Der kreidehaltige Untergrund erm\u00f6glicht es dem Pinot Noir, sich voll auszudr\u00fccken und verleiht dem Wein eine unvergleichliche Typizit\u00e4t. Strukturiert und reich an Aromen ist er ein Gastronomie-Champagner par excellence.<\/p>\n<\/div>","protected":false},"featured_media":8386,"template":"","meta":{"inline_featured_image":false},"product_brand":[],"product_cat":[346,355,239,365,135,381,354],"product_tag":[410,100,371],"class_list":{"0":"post-8313","1":"product","2":"type-product","3":"status-publish","4":"has-post-thumbnail","6":"product_cat-blanc-de-noirs","7":"product_cat-brut","8":"product_cat-champagne-dauby","9":"product_cat-cuvee","10":"product_cat-gourmet-champagner","11":"product_cat-pinot-noir","12":"product_cat-premier-cru","13":"product_tag-blanc-de-noirs","14":"product_tag-cuvee","15":"product_tag-dauby","17":"first","18":"instock","19":"taxable","20":"shipping-taxable","21":"purchasable","22":"product-type-simple"},"_links":{"self":[{"href":"https:\/\/verve-champagne.com\/en\/wp-json\/wp\/v2\/product\/8313","targetHints":{"allow":["GET"]}}],"collection":[{"href":"https:\/\/verve-champagne.com\/en\/wp-json\/wp\/v2\/product"}],"about":[{"href":"https:\/\/verve-champagne.com\/en\/wp-json\/wp\/v2\/types\/product"}],"wp:featuredmedia":[{"embeddable":true,"href":"https:\/\/verve-champagne.com\/en\/wp-json\/wp\/v2\/media\/8386"}],"wp:attachment":[{"href":"https:\/\/verve-champagne.com\/en\/wp-json\/wp\/v2\/media?parent=8313"}],"wp:term":[{"taxonomy":"product_brand","embeddable":true,"href":"https:\/\/verve-champagne.com\/en\/wp-json\/wp\/v2\/product_brand?post=8313"},{"taxonomy":"product_cat","embeddable":true,"href":"https:\/\/verve-champagne.com\/en\/wp-json\/wp\/v2\/product_cat?post=8313"},{"taxonomy":"product_tag","embeddable":true,"href":"https:\/\/verve-champagne.com\/en\/wp-json\/wp\/v2\/product_tag?post=8313"}],"curies":[{"name":"wp","href":"https:\/\/api.w.org\/{rel}","templated":true}]}}