{"id":8314,"date":"2022-09-20T12:44:39","date_gmt":"2022-09-20T10:44:39","guid":{"rendered":"https:\/\/verve-champagne.com\/?post_type=product&#038;p=8314"},"modified":"2022-09-21T11:03:47","modified_gmt":"2022-09-21T09:03:47","slug":"dauby-blanc-de-blancs","status":"publish","type":"product","link":"https:\/\/verve-champagne.com\/en\/product\/dauby-blanc-de-blancs\/","title":{"rendered":"Dauby <\/br>Blanc de Blancs"},"content":{"rendered":"","protected":false},"excerpt":{"rendered":"<div class=\"beschreibung\">\n<p>Dieser in begrenzter Menge hergestellter Champagner aus 100% Chardonnay, stammt aus unseren Premiers-Crus-Lagen und dem Weinberg Barbonne-Fayel im S\u00fcden der C\u00f4te des Blancs. In Verbindung mit einer f\u00fcnfj\u00e4hrigen Reifung auf der Hefe und einer Auswahl unserer besten Cuv\u00e9es bringt er alle Besonderheiten des Chardonnay perfekt zum Ausdruck.<\/p>\n<\/div>","protected":false},"featured_media":8385,"template":"","meta":{"inline_featured_image":false},"product_brand":[],"product_cat":[345,355,239,347,365,135,354],"product_tag":[90,100,371],"class_list":{"0":"post-8314","1":"product","2":"type-product","3":"status-publish","4":"has-post-thumbnail","6":"product_cat-blanc-de-blancs","7":"product_cat-brut","8":"product_cat-champagne-dauby","9":"product_cat-chardonnay","10":"product_cat-cuvee","11":"product_cat-gourmet-champagner","12":"product_cat-premier-cru","13":"product_tag-blanc","14":"product_tag-cuvee","15":"product_tag-dauby","17":"first","18":"instock","19":"taxable","20":"shipping-taxable","21":"purchasable","22":"product-type-simple"},"_links":{"self":[{"href":"https:\/\/verve-champagne.com\/en\/wp-json\/wp\/v2\/product\/8314","targetHints":{"allow":["GET"]}}],"collection":[{"href":"https:\/\/verve-champagne.com\/en\/wp-json\/wp\/v2\/product"}],"about":[{"href":"https:\/\/verve-champagne.com\/en\/wp-json\/wp\/v2\/types\/product"}],"wp:featuredmedia":[{"embeddable":true,"href":"https:\/\/verve-champagne.com\/en\/wp-json\/wp\/v2\/media\/8385"}],"wp:attachment":[{"href":"https:\/\/verve-champagne.com\/en\/wp-json\/wp\/v2\/media?parent=8314"}],"wp:term":[{"taxonomy":"product_brand","embeddable":true,"href":"https:\/\/verve-champagne.com\/en\/wp-json\/wp\/v2\/product_brand?post=8314"},{"taxonomy":"product_cat","embeddable":true,"href":"https:\/\/verve-champagne.com\/en\/wp-json\/wp\/v2\/product_cat?post=8314"},{"taxonomy":"product_tag","embeddable":true,"href":"https:\/\/verve-champagne.com\/en\/wp-json\/wp\/v2\/product_tag?post=8314"}],"curies":[{"name":"wp","href":"https:\/\/api.w.org\/{rel}","templated":true}]}}