{"id":8344,"date":"2022-09-20T14:04:11","date_gmt":"2022-09-20T12:04:11","guid":{"rendered":"https:\/\/verve-champagne.com\/?post_type=product&#038;p=8344"},"modified":"2022-09-22T20:01:29","modified_gmt":"2022-09-22T18:01:29","slug":"verve-cuvee-brut","status":"publish","type":"product","link":"https:\/\/verve-champagne.com\/en\/product\/verve-cuvee-brut\/","title":{"rendered":"VERVE <\/br>Cuv\u00e9e Brut"},"content":{"rendered":"","protected":false},"excerpt":{"rendered":"<div class=\"beschreibung\">\n<p>Fruchtig-frisch, elegant und reich an Mineralien des Terroirs. Ausgewogenheit auf ganzer Linie. Dieser Champagner entf\u00fchrt Sie auf einen Opernball der Oberklasse. Genie\u00dfen Sie feine Fischspezialit\u00e4ten wie Austern und Kaviar \u2013 auch zu Heilbutt eine wahre Kr\u00f6nung.<\/p>\n<\/div>","protected":false},"featured_media":8431,"template":"","meta":{"inline_featured_image":false},"product_brand":[],"product_cat":[355,347,365,348,381,169],"product_tag":[100,443],"class_list":{"0":"post-8344","1":"product","2":"type-product","3":"status-publish","4":"has-post-thumbnail","6":"product_cat-brut","7":"product_cat-chardonnay","8":"product_cat-cuvee","9":"product_cat-pinot-meunier","10":"product_cat-pinot-noir","11":"product_cat-verve-champagne","12":"product_tag-cuvee","13":"product_tag-verve-champagne","15":"first","16":"instock","17":"taxable","18":"shipping-taxable","19":"purchasable","20":"product-type-simple"},"_links":{"self":[{"href":"https:\/\/verve-champagne.com\/en\/wp-json\/wp\/v2\/product\/8344","targetHints":{"allow":["GET"]}}],"collection":[{"href":"https:\/\/verve-champagne.com\/en\/wp-json\/wp\/v2\/product"}],"about":[{"href":"https:\/\/verve-champagne.com\/en\/wp-json\/wp\/v2\/types\/product"}],"wp:featuredmedia":[{"embeddable":true,"href":"https:\/\/verve-champagne.com\/en\/wp-json\/wp\/v2\/media\/8431"}],"wp:attachment":[{"href":"https:\/\/verve-champagne.com\/en\/wp-json\/wp\/v2\/media?parent=8344"}],"wp:term":[{"taxonomy":"product_brand","embeddable":true,"href":"https:\/\/verve-champagne.com\/en\/wp-json\/wp\/v2\/product_brand?post=8344"},{"taxonomy":"product_cat","embeddable":true,"href":"https:\/\/verve-champagne.com\/en\/wp-json\/wp\/v2\/product_cat?post=8344"},{"taxonomy":"product_tag","embeddable":true,"href":"https:\/\/verve-champagne.com\/en\/wp-json\/wp\/v2\/product_tag?post=8344"}],"curies":[{"name":"wp","href":"https:\/\/api.w.org\/{rel}","templated":true}]}}