{"id":8349,"date":"2022-09-20T14:59:33","date_gmt":"2022-09-20T12:59:33","guid":{"rendered":"https:\/\/verve-champagne.com\/?post_type=product&#038;p=8349"},"modified":"2022-12-13T13:41:07","modified_gmt":"2022-12-13T12:41:07","slug":"de-venoge-princes-blanc-de-blancs","status":"publish","type":"product","link":"https:\/\/verve-champagne.com\/en\/product\/de-venoge-princes-blanc-de-blancs\/","title":{"rendered":"de Venoge <\/br>Princes <\/br>Blanc de Blancs"},"content":{"rendered":"","protected":false},"excerpt":{"rendered":"<p>Der de Venoge Princes \u2013 Blanc de Blancs kommt mit einer ungew\u00f6hnlichen Flaschenform und ist ein echter Hingucker! Die Form stammt aus dem im 19. Jahrhundert und zeigt den damals \u00fcblichen Stil. Aber nicht nur das Flaschendesign ist extravagant, sondern nat\u00fcrlich ist auch der Inhalt au\u00dfergew\u00f6hnlich! Dieser besondere Champagner zeigt sich in zartem Gelb mit animierender Perlage. Zarte Noten von Zitrus und wei\u00dfen Bl\u00fcten, gepaart mit ausgewogener Mineralit\u00e4t und einem langen Nachhall (nicht nur am Gaumen).<\/p>","protected":false},"featured_media":8360,"template":"","meta":{"inline_featured_image":false},"product_brand":[],"product_cat":[345,355,347,365,170,138],"product_tag":[90,100,444,445],"class_list":{"0":"post-8349","1":"product","2":"type-product","3":"status-publish","4":"has-post-thumbnail","6":"product_cat-blanc-de-blancs","7":"product_cat-brut","8":"product_cat-chardonnay","9":"product_cat-cuvee","10":"product_cat-de-venoge","11":"product_cat-grandes-marques","12":"product_tag-blanc","13":"product_tag-cuvee","14":"product_tag-de-venoge","15":"product_tag-princes","17":"first","18":"onbackorder","19":"taxable","20":"shipping-taxable","21":"purchasable","22":"product-type-simple"},"_links":{"self":[{"href":"https:\/\/verve-champagne.com\/en\/wp-json\/wp\/v2\/product\/8349","targetHints":{"allow":["GET"]}}],"collection":[{"href":"https:\/\/verve-champagne.com\/en\/wp-json\/wp\/v2\/product"}],"about":[{"href":"https:\/\/verve-champagne.com\/en\/wp-json\/wp\/v2\/types\/product"}],"wp:featuredmedia":[{"embeddable":true,"href":"https:\/\/verve-champagne.com\/en\/wp-json\/wp\/v2\/media\/8360"}],"wp:attachment":[{"href":"https:\/\/verve-champagne.com\/en\/wp-json\/wp\/v2\/media?parent=8349"}],"wp:term":[{"taxonomy":"product_brand","embeddable":true,"href":"https:\/\/verve-champagne.com\/en\/wp-json\/wp\/v2\/product_brand?post=8349"},{"taxonomy":"product_cat","embeddable":true,"href":"https:\/\/verve-champagne.com\/en\/wp-json\/wp\/v2\/product_cat?post=8349"},{"taxonomy":"product_tag","embeddable":true,"href":"https:\/\/verve-champagne.com\/en\/wp-json\/wp\/v2\/product_tag?post=8349"}],"curies":[{"name":"wp","href":"https:\/\/api.w.org\/{rel}","templated":true}]}}