{"id":8354,"date":"2022-09-20T15:31:13","date_gmt":"2022-09-20T13:31:13","guid":{"rendered":"https:\/\/verve-champagne.com\/?post_type=product&#038;p=8354"},"modified":"2022-12-13T13:40:44","modified_gmt":"2022-12-13T12:40:44","slug":"de-venoge-princes-extra-brut","status":"publish","type":"product","link":"https:\/\/verve-champagne.com\/en\/product\/de-venoge-princes-extra-brut\/","title":{"rendered":"de Venoge <\/br>Princes <\/br> Extra Brut"},"content":{"rendered":"","protected":false},"excerpt":{"rendered":"<p>Die Cuv\u00e9e Princes Extra Brut des Maison de Venoge ist ein Champagner, der wie geschaffen f\u00fcr einen Aperitif ist. Er wird in einer Flasche in Form einer Karaffe angeboten, die an die Gewohnheiten der europ\u00e4ischen Aristokratie zu Beginn des 20. Jahrhunderts erinnert, die ihren Champagner in Kristallkaraffen dekantierte. Die Cuv\u00e9e Princes Extra Brut ist eine Verm\u00e4hlung von 35% Pinot Noir, 30% Pinot Meunier und 35% Chardonnay, ein Assemblage, das Finesse und Frucht vereint und durch eine leichte Dosage (4g\/l) unterstrichen wird. Es handelt sich um eine Cuv\u00e9e mit einer Robe oder Ple und extrem feinen Bl\u00e4schen. In der Nase ist es ein Champagner mit Noten von Zitrusfr\u00fcchten, gelben Fr\u00fcchten und Geb\u00e4ck. Am Gaumen ist es eine Cuv\u00e9e mit einem klaren und lebhaften Auftakt, der sich dann mit sch\u00f6nen fruchtigen Aromen entfaltet. Ein toller Aperitif-Cuv\u00e9e.<\/p>","protected":false},"featured_media":8358,"template":"","meta":{"inline_featured_image":false},"product_brand":[],"product_cat":[347,365,170,352,138,348,381],"product_tag":[100,444,409,445],"class_list":{"0":"post-8354","1":"product","2":"type-product","3":"status-publish","4":"has-post-thumbnail","6":"product_cat-chardonnay","7":"product_cat-cuvee","8":"product_cat-de-venoge","9":"product_cat-extra-brut","10":"product_cat-grandes-marques","11":"product_cat-pinot-meunier","12":"product_cat-pinot-noir","13":"product_tag-cuvee","14":"product_tag-de-venoge","15":"product_tag-extra-brut","16":"product_tag-princes","18":"first","19":"onbackorder","20":"taxable","21":"shipping-taxable","22":"purchasable","23":"product-type-simple"},"_links":{"self":[{"href":"https:\/\/verve-champagne.com\/en\/wp-json\/wp\/v2\/product\/8354","targetHints":{"allow":["GET"]}}],"collection":[{"href":"https:\/\/verve-champagne.com\/en\/wp-json\/wp\/v2\/product"}],"about":[{"href":"https:\/\/verve-champagne.com\/en\/wp-json\/wp\/v2\/types\/product"}],"wp:featuredmedia":[{"embeddable":true,"href":"https:\/\/verve-champagne.com\/en\/wp-json\/wp\/v2\/media\/8358"}],"wp:attachment":[{"href":"https:\/\/verve-champagne.com\/en\/wp-json\/wp\/v2\/media?parent=8354"}],"wp:term":[{"taxonomy":"product_brand","embeddable":true,"href":"https:\/\/verve-champagne.com\/en\/wp-json\/wp\/v2\/product_brand?post=8354"},{"taxonomy":"product_cat","embeddable":true,"href":"https:\/\/verve-champagne.com\/en\/wp-json\/wp\/v2\/product_cat?post=8354"},{"taxonomy":"product_tag","embeddable":true,"href":"https:\/\/verve-champagne.com\/en\/wp-json\/wp\/v2\/product_tag?post=8354"}],"curies":[{"name":"wp","href":"https:\/\/api.w.org\/{rel}","templated":true}]}}