{"id":8356,"date":"2022-09-20T15:38:39","date_gmt":"2022-09-20T13:38:39","guid":{"rendered":"https:\/\/verve-champagne.com\/?post_type=product&#038;p=8356"},"modified":"2022-12-13T13:40:31","modified_gmt":"2022-12-13T12:40:31","slug":"de-venoge-princes-rose","status":"publish","type":"product","link":"https:\/\/verve-champagne.com\/en\/product\/de-venoge-princes-rose\/","title":{"rendered":"de Venoge <\/br>Princes <\/br>Ros\u00e9"},"content":{"rendered":"","protected":false},"excerpt":{"rendered":"<p>Der Princes Ros\u00e9 beeindruckt mit saftig-frischen Fruchtaromen und mineralischen Noten. An der Nase entfaltet sich ein fruchtbeladenes und frisches Bouquet. Die feine Perlage l\u00e4sst den Champagner mit zartem rosa Gewand erstrahlen. Ein nach saftigen Erdbeeren, mit aromatischer Zitrusnote unterlegter Champagner, der am Gaumen zudem noch seine filigrane Mineralit\u00e4t hinterl\u00e4sst. Nat\u00fcrlich kommt auch dieser besondere Champagner in der aussergew\u00f6hnlichen Flaschenform, die einzigartig ist und eine Hommage an das fr\u00fche 20. Jahrhundert stellt.<\/p>","protected":false},"featured_media":8357,"template":"","meta":{"inline_featured_image":false},"product_brand":[],"product_cat":[355,365,170,138,381,349],"product_tag":[91,100,444,445,129],"class_list":{"0":"post-8356","1":"product","2":"type-product","3":"status-publish","4":"has-post-thumbnail","6":"product_cat-brut","7":"product_cat-cuvee","8":"product_cat-de-venoge","9":"product_cat-grandes-marques","10":"product_cat-pinot-noir","11":"product_cat-rose","12":"product_tag-brut","13":"product_tag-cuvee","14":"product_tag-de-venoge","15":"product_tag-princes","16":"product_tag-rose","18":"first","19":"onbackorder","20":"taxable","21":"shipping-taxable","22":"purchasable","23":"product-type-simple"},"_links":{"self":[{"href":"https:\/\/verve-champagne.com\/en\/wp-json\/wp\/v2\/product\/8356","targetHints":{"allow":["GET"]}}],"collection":[{"href":"https:\/\/verve-champagne.com\/en\/wp-json\/wp\/v2\/product"}],"about":[{"href":"https:\/\/verve-champagne.com\/en\/wp-json\/wp\/v2\/types\/product"}],"wp:featuredmedia":[{"embeddable":true,"href":"https:\/\/verve-champagne.com\/en\/wp-json\/wp\/v2\/media\/8357"}],"wp:attachment":[{"href":"https:\/\/verve-champagne.com\/en\/wp-json\/wp\/v2\/media?parent=8356"}],"wp:term":[{"taxonomy":"product_brand","embeddable":true,"href":"https:\/\/verve-champagne.com\/en\/wp-json\/wp\/v2\/product_brand?post=8356"},{"taxonomy":"product_cat","embeddable":true,"href":"https:\/\/verve-champagne.com\/en\/wp-json\/wp\/v2\/product_cat?post=8356"},{"taxonomy":"product_tag","embeddable":true,"href":"https:\/\/verve-champagne.com\/en\/wp-json\/wp\/v2\/product_tag?post=8356"}],"curies":[{"name":"wp","href":"https:\/\/api.w.org\/{rel}","templated":true}]}}