{"id":8361,"date":"2022-09-20T16:00:24","date_gmt":"2022-09-20T14:00:24","guid":{"rendered":"https:\/\/verve-champagne.com\/?post_type=product&#038;p=8361"},"modified":"2022-09-21T11:05:57","modified_gmt":"2022-09-21T09:05:57","slug":"de-venoge-louis-xv-rose-2012","status":"publish","type":"product","link":"https:\/\/verve-champagne.com\/en\/product\/de-venoge-louis-xv-rose-2012\/","title":{"rendered":"de Venoge <\/br>Louis XV<\/br> Ros\u00e9 2012"},"content":{"rendered":"","protected":false},"excerpt":{"rendered":"<p>Die Cuv\u00e9es Louis XV, die nur aus Grands Crus bestehen und in den besten Jahrg\u00e4ngen hergestellt werden, stellen die Quintessenz des Know-hows des Hauses dar.<br \/>\nSein Kleid ist hellrosa. Am Gaumen entfalten sich Noten von Zitrone und Walderdbeeren. Zarte Bl\u00e4schen unterstreichen eine sch\u00f6ne Spannung, begleitet von einem herrlich langen Abgang. Der Louis XV 2012 Ros\u00e9 wird ohne maloaktische G\u00e4rung hergestellt.<br \/>\nEr hat ein hervorragendes Alterungspotenzial!<\/p>","protected":false},"featured_media":8362,"template":"","meta":{"inline_featured_image":false},"product_brand":[],"product_cat":[355,347,365,170,353,138,351,381,349],"product_tag":[378,91,100,444,448,129],"class_list":{"0":"post-8361","1":"product","2":"type-product","3":"status-publish","4":"has-post-thumbnail","6":"product_cat-brut","7":"product_cat-chardonnay","8":"product_cat-cuvee","9":"product_cat-de-venoge","10":"product_cat-grand-cru","11":"product_cat-grandes-marques","12":"product_cat-millesime","13":"product_cat-pinot-noir","14":"product_cat-rose","15":"product_tag-378","16":"product_tag-brut","17":"product_tag-cuvee","18":"product_tag-de-venoge","19":"product_tag-louis-xv","20":"product_tag-rose","22":"first","23":"onbackorder","24":"taxable","25":"shipping-taxable","26":"purchasable","27":"product-type-simple"},"_links":{"self":[{"href":"https:\/\/verve-champagne.com\/en\/wp-json\/wp\/v2\/product\/8361","targetHints":{"allow":["GET"]}}],"collection":[{"href":"https:\/\/verve-champagne.com\/en\/wp-json\/wp\/v2\/product"}],"about":[{"href":"https:\/\/verve-champagne.com\/en\/wp-json\/wp\/v2\/types\/product"}],"wp:featuredmedia":[{"embeddable":true,"href":"https:\/\/verve-champagne.com\/en\/wp-json\/wp\/v2\/media\/8362"}],"wp:attachment":[{"href":"https:\/\/verve-champagne.com\/en\/wp-json\/wp\/v2\/media?parent=8361"}],"wp:term":[{"taxonomy":"product_brand","embeddable":true,"href":"https:\/\/verve-champagne.com\/en\/wp-json\/wp\/v2\/product_brand?post=8361"},{"taxonomy":"product_cat","embeddable":true,"href":"https:\/\/verve-champagne.com\/en\/wp-json\/wp\/v2\/product_cat?post=8361"},{"taxonomy":"product_tag","embeddable":true,"href":"https:\/\/verve-champagne.com\/en\/wp-json\/wp\/v2\/product_tag?post=8361"}],"curies":[{"name":"wp","href":"https:\/\/api.w.org\/{rel}","templated":true}]}}