{"id":8363,"date":"2022-09-20T16:20:42","date_gmt":"2022-09-20T14:20:42","guid":{"rendered":"https:\/\/verve-champagne.com\/?post_type=product&#038;p=8363"},"modified":"2022-10-15T10:13:37","modified_gmt":"2022-10-15T08:13:37","slug":"de-venoge-louis-xv-brut-2012","status":"publish","type":"product","link":"https:\/\/verve-champagne.com\/en\/product\/de-venoge-louis-xv-brut-2012\/","title":{"rendered":"de Venoge <\/br>Louis XV <\/br>Brut 2012"},"content":{"rendered":"","protected":false},"excerpt":{"rendered":"<p>Reichhaltige und komplexe Honigaromen. Noten von frischen Zitronen und wei\u00dfen Bl\u00fcten. Am Gaumen komplex und mineralisch. Kraftvoll mit gro\u00dfer Spannung und einem wunderbar langen Abgang. Der Louis XV 2012 wird ohne maloaktische G\u00e4rung hergestellt.<br \/>\nEr hat ein hervorragendes Alterungspotenzial!<\/p>","protected":false},"featured_media":8364,"template":"","meta":{"inline_featured_image":false},"product_brand":[],"product_cat":[355,347,365,170,353,138,351,381],"product_tag":[378,91,100,444,448],"class_list":{"0":"post-8363","1":"product","2":"type-product","3":"status-publish","4":"has-post-thumbnail","6":"product_cat-brut","7":"product_cat-chardonnay","8":"product_cat-cuvee","9":"product_cat-de-venoge","10":"product_cat-grand-cru","11":"product_cat-grandes-marques","12":"product_cat-millesime","13":"product_cat-pinot-noir","14":"product_tag-378","15":"product_tag-brut","16":"product_tag-cuvee","17":"product_tag-de-venoge","18":"product_tag-louis-xv","20":"first","21":"onbackorder","22":"taxable","23":"shipping-taxable","24":"purchasable","25":"product-type-simple"},"_links":{"self":[{"href":"https:\/\/verve-champagne.com\/en\/wp-json\/wp\/v2\/product\/8363","targetHints":{"allow":["GET"]}}],"collection":[{"href":"https:\/\/verve-champagne.com\/en\/wp-json\/wp\/v2\/product"}],"about":[{"href":"https:\/\/verve-champagne.com\/en\/wp-json\/wp\/v2\/types\/product"}],"wp:featuredmedia":[{"embeddable":true,"href":"https:\/\/verve-champagne.com\/en\/wp-json\/wp\/v2\/media\/8364"}],"wp:attachment":[{"href":"https:\/\/verve-champagne.com\/en\/wp-json\/wp\/v2\/media?parent=8363"}],"wp:term":[{"taxonomy":"product_brand","embeddable":true,"href":"https:\/\/verve-champagne.com\/en\/wp-json\/wp\/v2\/product_brand?post=8363"},{"taxonomy":"product_cat","embeddable":true,"href":"https:\/\/verve-champagne.com\/en\/wp-json\/wp\/v2\/product_cat?post=8363"},{"taxonomy":"product_tag","embeddable":true,"href":"https:\/\/verve-champagne.com\/en\/wp-json\/wp\/v2\/product_tag?post=8363"}],"curies":[{"name":"wp","href":"https:\/\/api.w.org\/{rel}","templated":true}]}}