{"id":8365,"date":"2022-09-20T16:41:08","date_gmt":"2022-09-20T14:41:08","guid":{"rendered":"https:\/\/verve-champagne.com\/?post_type=product&#038;p=8365"},"modified":"2022-09-22T20:00:33","modified_gmt":"2022-09-22T18:00:33","slug":"erick-schreiber-blanc-de-blancs-cuvee-brut","status":"publish","type":"product","link":"https:\/\/verve-champagne.com\/en\/product\/erick-schreiber-blanc-de-blancs-cuvee-brut\/","title":{"rendered":"Erick Schreiber <\/br>Blanc de Blancs"},"content":{"rendered":"","protected":false},"excerpt":{"rendered":"<p class=\"tw-data-text tw-text-large XcVN5d tw-ta\" dir=\"ltr\" data-placeholder=\"\u00dcbersetzung\">Das Ergebnis des Wunsches, einen Champagner ausschlie\u00dflich aus wei\u00dfen Trauben herzustellen: Der Chardonnay gedeiht auf unserem &#8220;Kimmeridgischen&#8221; Terroir, was ihm Finesse und Eleganz verleiht.\u00a0Diese Cuv\u00e9e zeichnet sich durch Mineralit\u00e4t und Frische aus, hat aber auch einen Hauch von S\u00fc\u00dfe, was typisch f\u00fcr unsere Champagner ist.<br \/>\nEin echter Genie\u00dfer-Champagner, der in Ruhe und ohne Ablenkung genossen werden sollte.<\/p>\n<p dir=\"ltr\" data-placeholder=\"\u00dcbersetzung\"><img decoding=\"async\" class=\"alignnone size-medium wp-image-7474\" src=\"https:\/\/verve-champagne.com\/wp-content\/uploads\/2020\/09\/bio-demeter-ecocert-logo-300x89.png\" alt=\"\" width=\"300\" height=\"89\" \/><\/p>","protected":false},"featured_media":8366,"template":"","meta":{"inline_featured_image":false},"product_brand":[],"product_cat":[238,345,355,347,365,237,356],"product_tag":[403,91,226,100,404,401],"class_list":{"0":"post-8365","1":"product","2":"type-product","3":"status-publish","4":"has-post-thumbnail","6":"product_cat-bio-champagner","7":"product_cat-blanc-de-blancs","8":"product_cat-brut","9":"product_cat-chardonnay","10":"product_cat-cuvee","11":"product_cat-erick-schreiber","12":"product_cat-vintage","13":"product_tag-bio","14":"product_tag-brut","15":"product_tag-chardonnay","16":"product_tag-cuvee","17":"product_tag-demeter","18":"product_tag-erick-schreiber","20":"first","21":"onbackorder","22":"taxable","23":"shipping-taxable","24":"purchasable","25":"product-type-simple"},"_links":{"self":[{"href":"https:\/\/verve-champagne.com\/en\/wp-json\/wp\/v2\/product\/8365","targetHints":{"allow":["GET"]}}],"collection":[{"href":"https:\/\/verve-champagne.com\/en\/wp-json\/wp\/v2\/product"}],"about":[{"href":"https:\/\/verve-champagne.com\/en\/wp-json\/wp\/v2\/types\/product"}],"wp:featuredmedia":[{"embeddable":true,"href":"https:\/\/verve-champagne.com\/en\/wp-json\/wp\/v2\/media\/8366"}],"wp:attachment":[{"href":"https:\/\/verve-champagne.com\/en\/wp-json\/wp\/v2\/media?parent=8365"}],"wp:term":[{"taxonomy":"product_brand","embeddable":true,"href":"https:\/\/verve-champagne.com\/en\/wp-json\/wp\/v2\/product_brand?post=8365"},{"taxonomy":"product_cat","embeddable":true,"href":"https:\/\/verve-champagne.com\/en\/wp-json\/wp\/v2\/product_cat?post=8365"},{"taxonomy":"product_tag","embeddable":true,"href":"https:\/\/verve-champagne.com\/en\/wp-json\/wp\/v2\/product_tag?post=8365"}],"curies":[{"name":"wp","href":"https:\/\/api.w.org\/{rel}","templated":true}]}}