{"id":8369,"date":"2022-09-20T16:54:14","date_gmt":"2022-09-20T14:54:14","guid":{"rendered":"https:\/\/verve-champagne.com\/?post_type=product&#038;p=8369"},"modified":"2022-11-14T15:15:47","modified_gmt":"2022-11-14T14:15:47","slug":"erick-schreiber-extra-brut","status":"publish","type":"product","link":"https:\/\/verve-champagne.com\/en\/product\/erick-schreiber-extra-brut\/","title":{"rendered":"Erick Schreiber<\/br> Extra Brut"},"content":{"rendered":"","protected":false},"excerpt":{"rendered":"<p>Der Extra Brut entstand aus dem Wunsch, sich zu erneuern, weiterzuentwickeln und zu \u00fcberraschen. Urspr\u00fcnglich war der Extra Brut unsere Cuv\u00e9e &#8220;Grande R\u00e9serve&#8221;, allerdings mit einer sehr geringen Dosage. Ausdrucksstark, intensiv, raffiniert, bietet er eine Reihe von unglaublich frischen Fruchtaromen.<br \/>\nEr ist ideal, um einen festlichen Abend zu er\u00f6ffnen, die Menschen wieder in Schwung zu bringen und sie zusammenzubringen. Er eignet sich auch f\u00fcr besonders freudige, jubelnde Anl\u00e4sse!<\/p>\n<p dir=\"ltr\" data-placeholder=\"\u00dcbersetzung\"><img decoding=\"async\" class=\"alignnone size-medium wp-image-7474\" src=\"https:\/\/verve-champagne.com\/wp-content\/uploads\/2020\/09\/bio-demeter-ecocert-logo-300x89.png\" alt=\"\" width=\"300\" height=\"89\" \/><\/p>","protected":false},"featured_media":8370,"template":"","meta":{"inline_featured_image":false},"product_brand":[],"product_cat":[238,347,365,237,352,348,381],"product_tag":[403,226,100,404,401,409,454,224],"class_list":{"0":"post-8369","1":"product","2":"type-product","3":"status-publish","4":"has-post-thumbnail","6":"product_cat-bio-champagner","7":"product_cat-chardonnay","8":"product_cat-cuvee","9":"product_cat-erick-schreiber","10":"product_cat-extra-brut","11":"product_cat-pinot-meunier","12":"product_cat-pinot-noir","13":"product_tag-bio","14":"product_tag-chardonnay","15":"product_tag-cuvee","16":"product_tag-demeter","17":"product_tag-erick-schreiber","18":"product_tag-extra-brut","19":"product_tag-pinot-meunier","20":"product_tag-pinot-noir","22":"first","23":"onbackorder","24":"taxable","25":"shipping-taxable","26":"purchasable","27":"product-type-simple"},"_links":{"self":[{"href":"https:\/\/verve-champagne.com\/en\/wp-json\/wp\/v2\/product\/8369","targetHints":{"allow":["GET"]}}],"collection":[{"href":"https:\/\/verve-champagne.com\/en\/wp-json\/wp\/v2\/product"}],"about":[{"href":"https:\/\/verve-champagne.com\/en\/wp-json\/wp\/v2\/types\/product"}],"wp:featuredmedia":[{"embeddable":true,"href":"https:\/\/verve-champagne.com\/en\/wp-json\/wp\/v2\/media\/8370"}],"wp:attachment":[{"href":"https:\/\/verve-champagne.com\/en\/wp-json\/wp\/v2\/media?parent=8369"}],"wp:term":[{"taxonomy":"product_brand","embeddable":true,"href":"https:\/\/verve-champagne.com\/en\/wp-json\/wp\/v2\/product_brand?post=8369"},{"taxonomy":"product_cat","embeddable":true,"href":"https:\/\/verve-champagne.com\/en\/wp-json\/wp\/v2\/product_cat?post=8369"},{"taxonomy":"product_tag","embeddable":true,"href":"https:\/\/verve-champagne.com\/en\/wp-json\/wp\/v2\/product_tag?post=8369"}],"curies":[{"name":"wp","href":"https:\/\/api.w.org\/{rel}","templated":true}]}}