{"id":8371,"date":"2022-09-20T17:01:16","date_gmt":"2022-09-20T15:01:16","guid":{"rendered":"https:\/\/verve-champagne.com\/?post_type=product&#038;p=8371"},"modified":"2022-11-14T15:17:38","modified_gmt":"2022-11-14T14:17:38","slug":"erick-schreiber-brut-rose","status":"publish","type":"product","link":"https:\/\/verve-champagne.com\/en\/product\/erick-schreiber-brut-rose\/","title":{"rendered":"Erick Schreiber <\/br>Brut Ros\u00e9"},"content":{"rendered":"","protected":false},"excerpt":{"rendered":"<p>Diese Cuv\u00e9e ist das Ergebnis des Bestrebens, einen reinen Pinot Noir Ros\u00e9 mit Substanz und Frucht, aber auch mit eleganten und raffinierten Bl\u00e4schen zu erhalten. Diese Cuv\u00e9e wird in einem speziellen &#8220;Saign\u00e9&#8221;-Stil vinifiziert, der eine besonders strenge Auswahl der Trauben erfordert.\u00a0Der Brut Ros\u00e9 kommt in seiner Jugend voll zur Geltung und zeichnet sich durch Reinheit und Frische aus.\u00a0Er ist das Spiegelbild eines einzigen Jahres.<\/p>\n<p dir=\"ltr\" data-placeholder=\"\u00dcbersetzung\"><img decoding=\"async\" class=\"alignnone size-medium wp-image-7474\" src=\"https:\/\/verve-champagne.com\/wp-content\/uploads\/2020\/09\/bio-demeter-ecocert-logo-300x89.png\" alt=\"\" width=\"300\" height=\"89\" \/><\/p>","protected":false},"featured_media":8372,"template":"","meta":{"inline_featured_image":false},"product_brand":[],"product_cat":[238,355,365,237,381,349],"product_tag":[403,91,100,404,401,224,129],"class_list":{"0":"post-8371","1":"product","2":"type-product","3":"status-publish","4":"has-post-thumbnail","6":"product_cat-bio-champagner","7":"product_cat-brut","8":"product_cat-cuvee","9":"product_cat-erick-schreiber","10":"product_cat-pinot-noir","11":"product_cat-rose","12":"product_tag-bio","13":"product_tag-brut","14":"product_tag-cuvee","15":"product_tag-demeter","16":"product_tag-erick-schreiber","17":"product_tag-pinot-noir","18":"product_tag-rose","20":"first","21":"onbackorder","22":"taxable","23":"shipping-taxable","24":"purchasable","25":"product-type-simple"},"_links":{"self":[{"href":"https:\/\/verve-champagne.com\/en\/wp-json\/wp\/v2\/product\/8371","targetHints":{"allow":["GET"]}}],"collection":[{"href":"https:\/\/verve-champagne.com\/en\/wp-json\/wp\/v2\/product"}],"about":[{"href":"https:\/\/verve-champagne.com\/en\/wp-json\/wp\/v2\/types\/product"}],"wp:featuredmedia":[{"embeddable":true,"href":"https:\/\/verve-champagne.com\/en\/wp-json\/wp\/v2\/media\/8372"}],"wp:attachment":[{"href":"https:\/\/verve-champagne.com\/en\/wp-json\/wp\/v2\/media?parent=8371"}],"wp:term":[{"taxonomy":"product_brand","embeddable":true,"href":"https:\/\/verve-champagne.com\/en\/wp-json\/wp\/v2\/product_brand?post=8371"},{"taxonomy":"product_cat","embeddable":true,"href":"https:\/\/verve-champagne.com\/en\/wp-json\/wp\/v2\/product_cat?post=8371"},{"taxonomy":"product_tag","embeddable":true,"href":"https:\/\/verve-champagne.com\/en\/wp-json\/wp\/v2\/product_tag?post=8371"}],"curies":[{"name":"wp","href":"https:\/\/api.w.org\/{rel}","templated":true}]}}