{"id":8373,"date":"2022-09-20T17:04:57","date_gmt":"2022-09-20T15:04:57","guid":{"rendered":"https:\/\/verve-champagne.com\/?post_type=product&#038;p=8373"},"modified":"2022-11-14T15:17:08","modified_gmt":"2022-11-14T14:17:08","slug":"erick-schreiber-cuvee-prestige","status":"publish","type":"product","link":"https:\/\/verve-champagne.com\/en\/product\/erick-schreiber-cuvee-prestige\/","title":{"rendered":"Erick Schreiber <\/br>Cuv\u00e9e Prestige"},"content":{"rendered":"","protected":false},"excerpt":{"rendered":"<p>Die Entstehung dieser Cuv\u00e9e geht auf die 1990er Jahre zur\u00fcck. Es wurden verschiedene Mischungen von Pinot Noir und Chardonnay ausprobiert, bis das richtige Gleichgewicht gefunden wurde. Die Cuv\u00e9e Prestige bringt die Kraft und den vollmundigen Charakter des Pinot Noir zum Ausdruck, erg\u00e4nzt durch die Finesse und Eleganz des Chardonnay.<br \/>\nEin verf\u00fchrerischer und delikater Champagner, der im privaten Rahmen oder in kleiner Runde genossen werden sollte, um sein volles Potenzial zu entfalten.<br \/>\nIdeal f\u00fcr ein romantisches Abendessen bei Kerzenlicht!<\/p>\n<p dir=\"ltr\" data-placeholder=\"\u00dcbersetzung\"><img decoding=\"async\" class=\"alignnone size-medium wp-image-7474\" src=\"https:\/\/verve-champagne.com\/wp-content\/uploads\/2020\/09\/bio-demeter-ecocert-logo-300x89.png\" alt=\"\" width=\"300\" height=\"89\" \/><\/p>","protected":false},"featured_media":8374,"template":"","meta":{"inline_featured_image":false},"product_brand":[],"product_cat":[238,355,347,365,237,348,381,356],"product_tag":[403,91,100,404,401,224,129],"class_list":{"0":"post-8373","1":"product","2":"type-product","3":"status-publish","4":"has-post-thumbnail","6":"product_cat-bio-champagner","7":"product_cat-brut","8":"product_cat-chardonnay","9":"product_cat-cuvee","10":"product_cat-erick-schreiber","11":"product_cat-pinot-meunier","12":"product_cat-pinot-noir","13":"product_cat-vintage","14":"product_tag-bio","15":"product_tag-brut","16":"product_tag-cuvee","17":"product_tag-demeter","18":"product_tag-erick-schreiber","19":"product_tag-pinot-noir","20":"product_tag-rose","22":"first","23":"onbackorder","24":"taxable","25":"shipping-taxable","26":"purchasable","27":"product-type-simple"},"_links":{"self":[{"href":"https:\/\/verve-champagne.com\/en\/wp-json\/wp\/v2\/product\/8373","targetHints":{"allow":["GET"]}}],"collection":[{"href":"https:\/\/verve-champagne.com\/en\/wp-json\/wp\/v2\/product"}],"about":[{"href":"https:\/\/verve-champagne.com\/en\/wp-json\/wp\/v2\/types\/product"}],"wp:featuredmedia":[{"embeddable":true,"href":"https:\/\/verve-champagne.com\/en\/wp-json\/wp\/v2\/media\/8374"}],"wp:attachment":[{"href":"https:\/\/verve-champagne.com\/en\/wp-json\/wp\/v2\/media?parent=8373"}],"wp:term":[{"taxonomy":"product_brand","embeddable":true,"href":"https:\/\/verve-champagne.com\/en\/wp-json\/wp\/v2\/product_brand?post=8373"},{"taxonomy":"product_cat","embeddable":true,"href":"https:\/\/verve-champagne.com\/en\/wp-json\/wp\/v2\/product_cat?post=8373"},{"taxonomy":"product_tag","embeddable":true,"href":"https:\/\/verve-champagne.com\/en\/wp-json\/wp\/v2\/product_tag?post=8373"}],"curies":[{"name":"wp","href":"https:\/\/api.w.org\/{rel}","templated":true}]}}