{"id":8508,"date":"2022-11-14T12:28:53","date_gmt":"2022-11-14T11:28:53","guid":{"rendered":"https:\/\/verve-champagne.com\/?post_type=product&#038;p=8508"},"modified":"2022-11-14T15:47:26","modified_gmt":"2022-11-14T14:47:26","slug":"vino-tinto-dulce-limitierte-edition-05-liter","status":"publish","type":"product","link":"https:\/\/verve-champagne.com\/en\/product\/vino-tinto-dulce-limitierte-edition-05-liter\/","title":{"rendered":"Vino Tinto Dulce <\/br>(limitierte Edition) 0,5 Liter"},"content":{"rendered":"","protected":false},"excerpt":{"rendered":"<p>Abuelo Vino Tinto Dulce Limitierte Edition (nummerierte Flaschen)<\/p>\n<p>Gute Tiefe der roten Farbe mit rubinrotem Rand. Intensive Aromen von schwarzen Fr\u00fcchten, Lakritze, Gew\u00fcrzen und R\u00f6staromen. Am Gaumen ist er einh\u00fcllend und geschmackvoll, mit s\u00fc\u00dfen Tanninen, lang und ausgewogen. Nachgeschmack mit einem Hauch von Brombeeren. Hervorragend als Aperitif und zum Dessert.<\/p>","protected":false},"featured_media":8519,"template":"","meta":{"inline_featured_image":false},"product_brand":[],"product_cat":[479,480],"product_tag":[484,482,492,483,481],"class_list":{"0":"post-8508","1":"product","2":"type-product","3":"status-publish","4":"has-post-thumbnail","6":"product_cat-la-vina-del-abuelo","7":"product_cat-besondere-weine","8":"product_tag-dulce","9":"product_tag-rotwein","10":"product_tag-suesswein","11":"product_tag-vino-tinto","12":"product_tag-wein","14":"first","15":"instock","16":"taxable","17":"shipping-taxable","18":"purchasable","19":"product-type-simple"},"_links":{"self":[{"href":"https:\/\/verve-champagne.com\/en\/wp-json\/wp\/v2\/product\/8508","targetHints":{"allow":["GET"]}}],"collection":[{"href":"https:\/\/verve-champagne.com\/en\/wp-json\/wp\/v2\/product"}],"about":[{"href":"https:\/\/verve-champagne.com\/en\/wp-json\/wp\/v2\/types\/product"}],"wp:featuredmedia":[{"embeddable":true,"href":"https:\/\/verve-champagne.com\/en\/wp-json\/wp\/v2\/media\/8519"}],"wp:attachment":[{"href":"https:\/\/verve-champagne.com\/en\/wp-json\/wp\/v2\/media?parent=8508"}],"wp:term":[{"taxonomy":"product_brand","embeddable":true,"href":"https:\/\/verve-champagne.com\/en\/wp-json\/wp\/v2\/product_brand?post=8508"},{"taxonomy":"product_cat","embeddable":true,"href":"https:\/\/verve-champagne.com\/en\/wp-json\/wp\/v2\/product_cat?post=8508"},{"taxonomy":"product_tag","embeddable":true,"href":"https:\/\/verve-champagne.com\/en\/wp-json\/wp\/v2\/product_tag?post=8508"}],"curies":[{"name":"wp","href":"https:\/\/api.w.org\/{rel}","templated":true}]}}