{"id":8512,"date":"2022-11-14T11:23:16","date_gmt":"2022-11-14T10:23:16","guid":{"rendered":"https:\/\/verve-champagne.com\/?post_type=product&#038;p=8512"},"modified":"2022-11-14T15:48:00","modified_gmt":"2022-11-14T14:48:00","slug":"tinto-dulce-2021","status":"publish","type":"product","link":"https:\/\/verve-champagne.com\/en\/product\/tinto-dulce-2021\/","title":{"rendered":"Tinto Dulce <\/br>2021"},"content":{"rendered":"","protected":false},"excerpt":{"rendered":"<p>Dieser rote S\u00fc\u00dfwein kommt in einem tiefen Purpurrot, mit violettem Rand. Intensive Aromen mit Ankl\u00e4ngen an reife Fr\u00fcchte, Cerme\u00f1os und Brombeeren. Am Gaumen weich und ausgewogen, elegant und frisch. Nachgeschmack mit fruchtigen Ankl\u00e4ngen. Ausgezeichnet als Aperitif und Dessert.<\/p>","protected":false},"featured_media":8516,"template":"","meta":{"inline_featured_image":false},"product_brand":[],"product_cat":[480,479],"product_tag":[484,482,492,493],"class_list":{"0":"post-8512","1":"product","2":"type-product","3":"status-publish","4":"has-post-thumbnail","6":"product_cat-besondere-weine","7":"product_cat-la-vina-del-abuelo","8":"product_tag-dulce","9":"product_tag-rotwein","10":"product_tag-suesswein","11":"product_tag-tinto","13":"first","14":"instock","15":"taxable","16":"shipping-taxable","17":"purchasable","18":"product-type-simple"},"_links":{"self":[{"href":"https:\/\/verve-champagne.com\/en\/wp-json\/wp\/v2\/product\/8512","targetHints":{"allow":["GET"]}}],"collection":[{"href":"https:\/\/verve-champagne.com\/en\/wp-json\/wp\/v2\/product"}],"about":[{"href":"https:\/\/verve-champagne.com\/en\/wp-json\/wp\/v2\/types\/product"}],"wp:featuredmedia":[{"embeddable":true,"href":"https:\/\/verve-champagne.com\/en\/wp-json\/wp\/v2\/media\/8516"}],"wp:attachment":[{"href":"https:\/\/verve-champagne.com\/en\/wp-json\/wp\/v2\/media?parent=8512"}],"wp:term":[{"taxonomy":"product_brand","embeddable":true,"href":"https:\/\/verve-champagne.com\/en\/wp-json\/wp\/v2\/product_brand?post=8512"},{"taxonomy":"product_cat","embeddable":true,"href":"https:\/\/verve-champagne.com\/en\/wp-json\/wp\/v2\/product_cat?post=8512"},{"taxonomy":"product_tag","embeddable":true,"href":"https:\/\/verve-champagne.com\/en\/wp-json\/wp\/v2\/product_tag?post=8512"}],"curies":[{"name":"wp","href":"https:\/\/api.w.org\/{rel}","templated":true}]}}