{"id":8523,"date":"2022-11-14T12:47:16","date_gmt":"2022-11-14T11:47:16","guid":{"rendered":"https:\/\/verve-champagne.com\/?post_type=product&#038;p=8523"},"modified":"2022-11-14T15:46:14","modified_gmt":"2022-11-14T14:46:14","slug":"vino-tinto-seleccion-2016","status":"publish","type":"product","link":"https:\/\/verve-champagne.com\/en\/product\/vino-tinto-seleccion-2016\/","title":{"rendered":"Vino Tinto Selecci\u00f3n Especial 2016"},"content":{"rendered":"","protected":false},"excerpt":{"rendered":"<p>Intensive kirschrote Farbe mit granatrotem Rand; mittelhohe Robe, aromatischer Genuss, mit einer sehr angenehmen und intensiven Nase, rote Fr\u00fcchte begleitet von R\u00f6staromen, Rosen und Trockenfruchtaromen. Der Vino Tinto Selecci\u00f3n Especial 2016 ist warm und sinnlich im Mund, mit einer sehr guten Struktur und seidigen Tanninen. Schwarze Lakritze sticht hervor und bringt w\u00fcrzige Aromen an den Gaumen. Lang, kraftvoll und ausgewogen.<\/p>","protected":false},"featured_media":8524,"template":"","meta":{"inline_featured_image":false},"product_brand":[],"product_cat":[480,479],"product_tag":[482],"class_list":{"0":"post-8523","1":"product","2":"type-product","3":"status-publish","4":"has-post-thumbnail","6":"product_cat-besondere-weine","7":"product_cat-la-vina-del-abuelo","8":"product_tag-rotwein","10":"first","11":"instock","12":"taxable","13":"shipping-taxable","14":"purchasable","15":"product-type-simple"},"_links":{"self":[{"href":"https:\/\/verve-champagne.com\/en\/wp-json\/wp\/v2\/product\/8523","targetHints":{"allow":["GET"]}}],"collection":[{"href":"https:\/\/verve-champagne.com\/en\/wp-json\/wp\/v2\/product"}],"about":[{"href":"https:\/\/verve-champagne.com\/en\/wp-json\/wp\/v2\/types\/product"}],"wp:featuredmedia":[{"embeddable":true,"href":"https:\/\/verve-champagne.com\/en\/wp-json\/wp\/v2\/media\/8524"}],"wp:attachment":[{"href":"https:\/\/verve-champagne.com\/en\/wp-json\/wp\/v2\/media?parent=8523"}],"wp:term":[{"taxonomy":"product_brand","embeddable":true,"href":"https:\/\/verve-champagne.com\/en\/wp-json\/wp\/v2\/product_brand?post=8523"},{"taxonomy":"product_cat","embeddable":true,"href":"https:\/\/verve-champagne.com\/en\/wp-json\/wp\/v2\/product_cat?post=8523"},{"taxonomy":"product_tag","embeddable":true,"href":"https:\/\/verve-champagne.com\/en\/wp-json\/wp\/v2\/product_tag?post=8523"}],"curies":[{"name":"wp","href":"https:\/\/api.w.org\/{rel}","templated":true}]}}